{"id":3324,"date":"2021-07-19T18:54:09","date_gmt":"2021-07-19T18:54:09","guid":{"rendered":"https:\/\/insolux.hu\/?page_id=3324"},"modified":"2023-10-23T16:04:59","modified_gmt":"2023-10-23T16:04:59","slug":"versandkosten","status":"publish","type":"page","link":"https:\/\/insolux.hu\/en\/versandkosten\/","title":{"rendered":"Delivery costs"},"content":{"rendered":"<p><\/p><figure class=\"wp-block-table is-style-regular\"><table class=\"has-text-color has-fixed-layout\" style=\"color:#0061ce\"><thead><tr><th class=\"has-text-align-center\" data-align=\"center\">Where?<\/th><th class=\"has-text-align-center\" data-align=\"center\">Delivery costs<\/th><\/tr><\/thead><tbody><tr><td class=\"has-text-align-center\" data-align=\"center\">Alle L\u00e4nder<\/td><td class=\"has-text-align-center\" data-align=\"center\">Mit dem Kunden per E-Mail vereinbart.<\/td><\/tr><\/tbody><\/table><\/figure><div style=\"height:29px\" aria-hidden=\"true\" class=\"wp-block-spacer\"><\/div><div class=\"wp-block-columns alignwide is-layout-flex wp-container-core-columns-is-layout-1 wp-block-columns-is-layout-flex\"><div class=\"wp-block-column is-layout-flow wp-block-column-is-layout-flow\"><p class=\"has-text-color\" style=\"color:#0061ce\"><strong>Customs and import fees for deliveries to countries outside the EU:<\/strong><\/p>\n\n<p class=\"has-text-align-justify has-text-color\" style=\"color:#0061ce\">If delivery to countries outside the EU is offered during the ordering process, the following applies: We would like to point out that deliveries to countries outside the European Union (third countries) may incur additional customs duties or taxes as soon as the purchased goods have reached the third country. These additional customs duties or taxes are the responsibility of the buyer. Seller has no control over these charges and cannot predict their amount as customs regulations vary significantly from country to country. In the case of a delivery to a third country, we recommend that the buyer inquire about possible customs duties or local taxes at the customs office responsible for the third country.<\/p><\/div>\n\n<div class=\"wp-block-column is-layout-flow wp-block-column-is-layout-flow\"><p class=\"has-text-color\" style=\"color:#0061ce\"><strong>Note on the risk of damage or loss of the goods in transit:<\/strong><\/p>\n\n<p class=\"has-text-align-justify has-text-color\" style=\"color:#0061ce\">We would like to point out that the seller bears the risk of loss or damage to the goods during transport, regardless of transport insurance, if the buyer is a natural person who concludes a legal transaction for purposes that are predominantly neither commercial nor self-employed can be (consumer within the meaning of \u00a7 13 BGB).<\/p><\/div><\/div><p class=\"has-text-color\" style=\"color:#0061ce\"><\/p>","protected":false},"excerpt":{"rendered":"<p>Wo? Versandkosten Alle L\u00e4nder Mit dem Kunden per E-Mail vereinbart. Zoll- und Einfuhrgeb\u00fchren bei Lieferungen in Staaten au\u00dferhalb der EU: Sofern im Bestellablauf eine Lieferung in Staaten au\u00dferhalb der EU angeboten wird gilt folgendes: Wir weisen darauf hin, dass bei Lieferungen in Staaten au\u00dferhalb der Europ\u00e4ischen Union (Drittl\u00e4nder) weitere Zollgeb\u00fchren bzw. Steuern anfallen k\u00f6nnen, sobald [&hellip;]<\/p>","protected":false},"author":1,"featured_media":0,"parent":0,"menu_order":0,"comment_status":"closed","ping_status":"closed","template":"","meta":{"advanced_seo_description":"","jetpack_seo_html_title":"","jetpack_seo_noindex":false,"footnotes":""},"class_list":["post-3324","page","type-page","status-publish","hentry"],"jetpack_sharing_enabled":true,"_links":{"self":[{"href":"https:\/\/insolux.hu\/en\/wp-json\/wp\/v2\/pages\/3324"}],"collection":[{"href":"https:\/\/insolux.hu\/en\/wp-json\/wp\/v2\/pages"}],"about":[{"href":"https:\/\/insolux.hu\/en\/wp-json\/wp\/v2\/types\/page"}],"author":[{"embeddable":true,"href":"https:\/\/insolux.hu\/en\/wp-json\/wp\/v2\/users\/1"}],"replies":[{"embeddable":true,"href":"https:\/\/insolux.hu\/en\/wp-json\/wp\/v2\/comments?post=3324"}],"version-history":[{"count":5,"href":"https:\/\/insolux.hu\/en\/wp-json\/wp\/v2\/pages\/3324\/revisions"}],"predecessor-version":[{"id":4436,"href":"https:\/\/insolux.hu\/en\/wp-json\/wp\/v2\/pages\/3324\/revisions\/4436"}],"wp:attachment":[{"href":"https:\/\/insolux.hu\/en\/wp-json\/wp\/v2\/media?parent=3324"}],"curies":[{"name":"wp","href":"https:\/\/api.w.org\/{rel}","templated":true}]}}