{"id":267,"date":"2020-11-12T16:18:50","date_gmt":"2020-11-12T16:18:50","guid":{"rendered":"https:\/\/insolux.hu\/?page_id=267"},"modified":"2021-07-13T18:29:49","modified_gmt":"2021-07-13T18:29:49","slug":"agb","status":"publish","type":"page","link":"https:\/\/insolux.hu\/en\/agb\/","title":{"rendered":"Terms and Conditions"},"content":{"rendered":"<p><strong><u>Terms and Conditions<\/u><\/strong><\/p><p>(Die nachstehenden AGB enthalten im II. Teil zugleich gesetzliche Informationen zu Ihren Rechten im elektronischen Gesch\u00e4ftsverkehr sowie weitere Pflichtinformationen f\u00fcr Verbraucher)<\/p><p><strong>I. Teil: Allgemeine Gesch\u00e4ftsbedingungen:<\/strong><\/p><p>\u00a7 1 Begriffsbestimmungen<\/p><p>\u00a7 2 Geltungsbereich der AGB f\u00fcr Unternehmer<\/p><p>\u00a7 3 Eigentumsvorbehalt<\/p><p>\u00a7 4 Gew\u00e4hrleistung<\/p><p>\u00a7 5 Transportsch\u00e4den<\/p><p>\u00a7 6 Anwendbares Recht<\/p><p>\u00a7 7 Gerichtsstand<\/p><p><strong>II. Teil: Informationen im elektronischen Gesch\u00e4ftsverkehr und Verbraucherinformationen<\/strong><\/p><ol class=\"wp-block-list\" type=\"1\"><li>Vertragssprache<\/li><li>Vertragsschluss und technische Schritte, die zum Vertragsschluss f\u00fchren<\/li><li>Korrektur von Eingabefehlern vor Absendung der Bestellung<\/li><li>Speicherung des Vertragstextes<\/li><li>Einzelheiten hinsichtlich der Zahlung<\/li><li>Einzelheiten hinsichtlich der Lieferung<\/li><li>Preise und Versandkosten<\/li><li>Zoll- und Einfuhrgeb\u00fchren bei Lieferungen in Drittl\u00e4nder (z.B. Schweiz, USA)<\/li><li>Informationen \u00fcber Gew\u00e4hrleistungsbedingungen und Garantien<\/li><li>Widerrufsrecht f\u00fcr Verbraucher<\/li><li>&nbsp;Wesentliche Merkmale der Waren oder Dienstleistungen<\/li><li>Identit\u00e4t und ladungsf\u00e4hige Anschrift des Verk\u00e4ufers<\/li><li>Online-Streitbeilegung (OS-Plattform)<\/li><li>Streitschlichtung nach dem Verbraucherstreitbeilegungsgesetz (VSBG)<\/li><li>Keine R\u00fccknahmepflicht f\u00fcr Elektro- und Elektronikaltger\u00e4te<\/li><li>Hinweise gem\u00e4\u00df BatterieG<\/li><\/ol><p><strong>\u00a7 1 Begriffsbestimmungen<\/strong><\/p><p>(1)&nbsp; Sofern in diesen AGB besondere Rechte und Pflichten nur f\u00fcr Verbraucher gem\u00e4\u00df \u00a7 13 BGB oder nur f\u00fcr Unternehmer gem\u00e4\u00df \u00a7 14 BGB vereinbart werden, gelten folgende Begriffsbestimmungen:<\/p><p>(2)&nbsp; Verbraucher ist jede nat\u00fcrliche Person, die ein Rechtsgesch\u00e4ft zu Zwecken abschlie\u00dft, die \u00fcberwiegend weder ihrer gewerblichen noch selbstst\u00e4ndigen T\u00e4tigkeit zugeordnet w\u00e4ren k\u00f6nnen.<\/p><p>(3)&nbsp; Unternehmer im Sinne von \u00a7 14 BGB ist eine nat\u00fcrliche oder juristische Person oder eine rechtsf\u00e4hige Personengesellschaft, die bei Abschluss eines Rechtsgesch\u00e4fts in Aus\u00fcbung ihrer gewerblichen oder selbst\u00e4ndigen beruflichen T\u00e4tigkeit handelt. Eine rechtsf\u00e4hige Personengesellschaft ist eine Personengesellschaft, die mit der F\u00e4higkeit ausgestattet ist, Rechte zu erwerben und Verbindlichkeiten einzugehen.<\/p><p><strong>\u00a7 2 Geltungsbereich der AGB f\u00fcr Unternehmer<\/strong><\/p><p>(1)&nbsp; Ist der K\u00e4ufer Unternehmer im Sinne des \u00a7 14 BGB (siehe \u00a7 1 Abs. 3 der AGB) gelten ausschlie\u00dflich diese AGB. AGB des K\u00e4ufers gelten nur insoweit, als der Verk\u00e4ufer ihnen vor dem jeweiligen Vertragsabschluss ausdr\u00fccklich schriftlich zugestimmt hat.<\/p><p>(2)&nbsp; Ist der K\u00e4ufer Unternehmer im Sinne des \u00a7 14 BGB (siehe \u00a7 1 Abs. 3 der AGB) gelten diese Allgemeinen Gesch\u00e4ftsbedingungen auch f\u00fcr alle k\u00fcnftigen Gesch\u00e4fte zwischen den Vertragsparteien.<strong><\/strong><\/p><p><strong>\u00a7 3 Eigentumsvorbehalt<\/strong><\/p><p>Die bestellte Ware bleibt bis zur vollst\u00e4ndigen Bezahlung Eigentum des Verk\u00e4ufers.&nbsp;&nbsp;&nbsp;&nbsp;&nbsp;&nbsp;&nbsp;&nbsp;&nbsp;&nbsp;&nbsp;&nbsp;&nbsp;&nbsp;&nbsp;&nbsp;&nbsp;&nbsp;&nbsp;&nbsp;&nbsp;&nbsp;&nbsp;&nbsp;&nbsp; Vor Eigentums\u00fcbertragung ist eine Verpf\u00e4ndung, Sicherungs\u00fcbereignung, Verarbeitung oder Umgestaltung ohne ausdr\u00fcckliche Einwilligung des Verk\u00e4ufers nicht zul\u00e4ssig.<\/p><p><strong>\u00a7 4 Gew\u00e4hrleistung<\/strong><\/p><ul class=\"wp-block-list\"><li>Ist der K\u00e4ufer Verbraucher im Sinne des \u00a7 13 BGB (siehe \u00a7 1 Abs. 2 der AGB), so stehen ihm die gesetzlichen Gew\u00e4hrleistungsrechte zu. Die Gew\u00e4hrleistungsfrist betr\u00e4gt dabei 24 Monate ab der Ablieferung der Sache beim K\u00e4ufer.<\/li><li>Ist der K\u00e4ufer Unternehmer im Sinne des \u00a7 14 BGB (siehe \u00a7 1 Abs. 3 der AGB), so betr\u00e4gt die Gew\u00e4hrleistungsfrist f\u00fcr neue Sachen ein Jahr ab Ablieferung der Sache. F\u00fcr gebrauchte Sachen wird gegen\u00fcber einem Unternehmer keine Gew\u00e4hrleistung \u00fcbernommen. Anspr\u00fcche auf Schadensersatz sind hiervon ausgenommen. Diese richten sich nach den gesetzlichen Regelungen.<\/li><li>Ist der K\u00e4ufer Unternehmer im Sinne von \u00a7 14 BGB (siehe \u00a7 1 Abs. 3 der AGB) stehen ihm Gew\u00e4hrleistungsanspr\u00fcche wegen bestehender Transportsch\u00e4den nur zu, wenn er seiner Untersuchungs- und Anzeigepflicht gem\u00e4\u00df \u00a7 5 Absatz 4 dieser AGB nachgekommen ist.<\/li><\/ul><p><strong>\u00a7 5 Transportsch\u00e4den<\/strong><\/p><ul class=\"wp-block-list\"><li>Sofern der K\u00e4ufer Verbraucher (siehe \u00a7 1 Abs. 2 der AGB) ist, bitten wir darum, Waren mit offensichtlichen Sch\u00e4den an der Verpackung oder am Inhalt beim Frachtdienst zu reklamieren bzw. die Annahme zu verweigern. Zudem bitten wir den K\u00e4ufer in diesem Falle umgehend Kontakt per E-Mail, Fax oder Post mit uns aufzunehmen.<\/li><li>Bei der Entdeckung von verborgenen M\u00e4ngeln bitten wir ebenfalls um umgehende Benachrichtigung.<\/li><li>Eine Verk\u00fcrzung der Gew\u00e4hrleistungsrechte, Widerrufsrechte und Verj\u00e4hrungsfristen ist mit den vorstehenden Regelungen nicht verbunden.<\/li><li>Sofern der K\u00e4ufer Unternehmer im Sinne von \u00a7 14 BGB (siehe \u00a7 1 Abs. 3 der AGB)<strong> <\/strong>ist, hat er die Ware sofort nach Empfangnahme auf Transportsch\u00e4den zu untersuchen. Feststellbare Transportsch\u00e4den sind unverz\u00fcglich schriftlich beim Verk\u00e4ufer anzuzeigen. Verpackungssch\u00e4den muss sich der K\u00e4ufer bei Annahme der Ware von dem Transportunternehmen schriftlich best\u00e4tigen lassen. Zeigt sich sp\u00e4ter ein solcher Mangel, so muss die Anzeige unverz\u00fcglich nach der Entdeckung erfolgen.<\/li><\/ul><p><strong>\u00a7 6 Anwendbares Recht<\/strong><\/p><p>Alle Streitigkeiten aus diesem Rechtsverh\u00e4ltnis unterliegen dem Recht der Bundesrepublik Deutschland mit Ausnahme seiner kollisionsrechtlichen Bestimmungen. Gegen\u00fcber Verbrauchern (siehe \u00a7 1 Abs. 2 der AGB) gilt diese Rechtswahl demnach nur insoweit, als zwingende Bestimmungen des Rechts des Staates, in welchem der Verbraucher seinen gew\u00f6hnlichen Aufenthalt hat, nicht den Regelungen dieser AGB entgegenstehen. Die Geltung von UN-Kaufrecht ist ausgeschlossen.<\/p><p><strong>\u00a7 7 Gerichtsstand<\/strong><strong><\/strong><\/p><p>F\u00fcr Streitigkeiten aus oder im Zusammenhang mit der Lieferung der Waren und\/oder diesen AGB sind die Gerichte am Sitz des Verk\u00e4ufers &nbsp;ausschlie\u00dflich zust\u00e4ndig, sofern der Kunde Kaufmann ist oder es sich beim Kunde um eine juristische Person des \u00f6ffentlichen Rechts oder um ein \u00f6ffentlich-rechtliches Sonderverm\u00f6gen handelt oder der Kunde keinen festen Wohnsitz in Deutschland hat, der Kunde den Wohnsitz oder seinen gew\u00f6hnlichen Aufenthaltsort nach Wirksamwerden dieser AGB ins Ausland verlegt hat oder wenn der Wohnsitz oder gew\u00f6hnlicher Aufenthaltsort des Kunden im Zeitpunkt der Klageerhebung nicht bekannt ist.<\/p><p><strong>II. Teil: Informationen im elektronischen Gesch\u00e4ftsverkehr und Verbraucherinformationen<\/strong><\/p><p><strong>1. Vertragssprache<\/strong><\/p><p>Die Vertragssprache ist deutsch. Diese Allgemeinen Gesch\u00e4ftsbedingungen werden nur in deutscher Sprache angeboten.<strong><\/strong><\/p><p><strong>2. Vertragsschluss und technische Schritte, die zum Vertragsschluss f\u00fchren<\/strong><\/p><ol class=\"wp-block-list\" type=\"a\"><li>Die Produktdarstellungen im Online-Shop sind keine verbindlichen Angebote des Verk\u00e4ufers sondern stellen lediglich eine Aufforderung des Verk\u00e4ufers an den K\u00e4ufer dar, selber ein Kaufangebot an den Verk\u00e4ufer abzugeben.<\/li><li>Legt der K\u00e4ufer ein Produkt in den Warenkorb durchl\u00e4uft er vor Abgabe eines verbindlichen Angebotes einen Bestellprozess im Onlineshop des Verk\u00e4ufers. Hier muss der K\u00e4ufer seine Rechnungs- und Lieferadresse, seine gew\u00fcnschte Zahlungsart sowie die Versandart ausw\u00e4hlen. Erst mit Absendung der Online-Bestellung durch Anklicken des verbindlichen Bestellbuttons \u201ezahlungspflichtig bestellen\u201c gibt der K\u00e4ufer ein verbindliches Angebot \u00fcber die bestellten Waren zu dem in der Bestell\u00fcbersicht&nbsp; angegebenen Preis ab.<\/li><li>Sofern der K\u00e4ufer als Zahlungsart <strong>\u201eRechnungskauf\u201c<\/strong> oder <strong>\u201eNachnahme\u201c <\/strong>im Bestellablauf ausw\u00e4hlt, wird das Angebot des K\u00e4ufers durch \u00dcbersendung einer Auftragsbest\u00e4tigung per E-Mail innerhalb von 3 Werktagen nach Absendung der Bestellung des K\u00e4ufers durch den Verk\u00e4ufer angenommen. Sofern der K\u00e4ufer innerhalb dieser Frist keine Auftragsbest\u00e4tigung des Verk\u00e4ufers erh\u00e4lt, gilt das Angebot des K\u00e4ufers als abgelehnt und der Vertrag kommt nicht zustande. In diesem Fall ist auch der K\u00e4ufer nicht mehr an sein Angebot gebunden.<\/li><li>Sofern der K\u00e4ufer als Zahlungsart <strong>\u201eVorkasse\u201c bzw. \u201e\u00dcberweisung\u201c<\/strong> im Bestellablauf ausw\u00e4hlt, wird das Angebot des K\u00e4ufers zum Zeitpunkt der Best\u00e4tigung der Zahlungsanweisung an die Bank angenommen. Mit der Best\u00e4tigung der Zahlungsanweisung durch den K\u00e4ufer an seine Bank kommt der Vertrag mit dem Verk\u00e4ufer zu Stande.<\/li><li>Sofern der K\u00e4ufer als Zahlungsart <strong>\u201ePaypal\u201c<\/strong> im Bestellablauf ausw\u00e4hlt, wird das Angebot des K\u00e4ufers zum Zeitpunkt der Best\u00e4tigung der Zahlungsanweisung an PayPal angenommen. Mit der Best\u00e4tigung der Zahlungsanweisung an PayPal durch den K\u00e4ufer kommt der Vertrag mit dem Verk\u00e4ufer zu Stande.<\/li><li>Sofern der K\u00e4ufer als Zahlungsart <strong>\u201eKreditkarte\u201c<\/strong> im Bestellablauf ausw\u00e4hlt, wird das Angebot des K\u00e4ufers zum Zeitpunkt der Kreditkartenbelastung, welche unmittelbar nach Absendung der Kreditkartendaten durch den K\u00e4ufer erfolgt, angenommen. Mit der Belastung der Kreditkarte kommt der Vertrag mit dem Verk\u00e4ufer zu Stande.<\/li><li>Sofern der K\u00e4ufer als Zahlungsart <strong>\u201eLastschrift\u201c<\/strong> im Bestellablauf ausw\u00e4hlt, wird das Angebot des K\u00e4ufers zum Zeitpunkt der Kontobelastung, welche unmittelbar nach Absendung der Kontodaten durch den K\u00e4ufer erfolgt, angenommen. Mit der Belastung des Kontos des K\u00e4ufers kommt der Vertrag mit dem Verk\u00e4ufer zu Stande.<\/li><li>Sofern der K\u00e4ufer als Zahlungsart <strong>\u201eSofort\u00fcberweisung\u201d<\/strong> im Bestellablauf ausw\u00e4hlt, kommt der Vertrag zum Zeitpunkt der Best\u00e4tigung der Zahlungsanweisung durch den K\u00e4ufer an die SOFORT GmbH zustande.<\/li><li>Der K\u00e4ufer kann auch ein Angebot des Verk\u00e4ufers telefonisch, per Fax, oder per E-Mail unverbindlich anfordern. In diesem Fall wird der Verk\u00e4ufer dem K\u00e4ufer innerhalb von 7 Werktagen ein verbindliches Angebot samt der erforderlichen Pflichtinformationen nach telefonischer Anfrage bzw. Absendung der Anfrage per Fax\/E-Mail oder Brief \u00fcbersenden, wobei es zur Wahrung der Frist auf den Zugang des Angebotes beim K\u00e4ufer ankommt. Der K\u00e4ufer kann dann das Angebot des Verk\u00e4ufers innerhalb von 7 Werktagen nach Erhalt des Angebotes wiederum telefonisch, per Fax, E-Mail oder Brief annehmen, wobei es zur Wahrung der Frist gen\u00fcgt, dass der K\u00e4ufer das Fax, die E-Mail oder den Brief innerhalb der Frist versendet oder das Angebot des Verk\u00e4ufers innerhalb der Frist telefonisch gegen\u00fcber dem Verk\u00e4ufer annimmt. Nimmt der K\u00e4ufer das Angebot des Verk\u00e4ufers nicht innerhalb der zuvor genannten Frist telefonisch an bzw. versendet seine Annahmeerkl\u00e4rung nicht per E-Mail, Fax oder Brief innerhalb der Frist, gilt das Angebot des Verk\u00e4ufers als abgelehnt und der Vertrag kommt nicht zustande. In diesem Fall ist auch der Verk\u00e4ufer nicht mehr an sein Angebot gebunden.<\/li><\/ol><p><strong>3. Korrektur von Eingabefehlern vor Absendung der Bestellung<\/strong><\/p><p>Ihre Bestellung k\u00f6nnen Sie vor der endg\u00fcltigen Versendung auf einer gesonderten Seite \u00fcberpr\u00fcfen. Eingabefehler k\u00f6nnen sie dann durch Anklicken des \u201eZur\u00fcck\u201c-Buttons Ihres Internetbrowsers auf der vorherigen Seite bzw. \u00fcber eine entsprechende Korrekturfunktion des Internetshops im Bestellablauf korrigieren.<\/p><p><strong>4. Speicherung des Vertragstextes<\/strong><\/p><p>Die Bestelldaten, die AGB und die Widerrufsbelehrung werden dem K\u00e4ufer mit der Auftragsbest\u00e4tigung des Verk\u00e4ufers per E-Mail in Textform zugesendet. Dar\u00fcber hinaus wird der Vertragstext auf den internen Systemen des Verk\u00e4ufers gespeichert und auf Nachfrage dem K\u00e4ufer erneut per E-Mail \u00fcbersendet.<\/p><p><strong>5. Einzelheiten hinsichtlich der Zahlung<\/strong><\/p><ol class=\"wp-block-list\" type=\"a\"><li>Die Zahlung des Kaufpreises erfolgt durch die im Bestellablauf angebotenen Zahlungsoptionen.<\/li><li>Ratenzahlungen bed\u00fcrfen der vorherigen Abstimmung\/Vereinbarung mit dem Verk\u00e4ufer.<\/li><li>Im Falle eines Zahlungsverzuges des K\u00e4ufers ist der Verk\u00e4ufer berechtigt, sofern er dem K\u00e4ufer erfolglos eine angemessene Frist zur Leistung oder Nacherf\u00fcllung bestimmt hat, vom Vertrag zur\u00fccktreten.<\/li><\/ol><p><strong>6. Einzelheiten hinsichtlich der Lieferung<\/strong><\/p><ol class=\"wp-block-list\" type=\"a\"><li>Sofern vor Vertragsschluss nichts anderes vereinbart wird, erfolgt die Lieferung der Waren grunds\u00e4tzlich durch Sendung der Ware an die vom K\u00e4ufer mitgeteilte Adresse innerhalb Deutschlands oder an die w\u00e4hrend des Bestellvorgangs ausw\u00e4hlbaren L\u00e4nder. Lieferungen an andere L\u00e4nder sind ausgeschlossen.<\/li><li>Die maximalen Lieferfristen sowie gegebenenfalls bestehende Lieferbeschr\u00e4nkungen finden sich unter einem entsprechend gekennzeichneten Link unseres Internetshops.<\/li><li>Auf Grund von Umst\u00e4nden, die der Verk\u00e4ufer nicht zu vertreten hat, wie z.B. h\u00f6here Gewalt, Betriebsst\u00f6rungen, etc., kann es zur Verz\u00f6gerung der Lieferung der Ware kommen. Der Verk\u00e4ufer wird den K\u00e4ufer umgehend hiervon informieren. Die Rechte des K\u00e4ufers bleiben hiervon unber\u00fchrt, insbesondere ist der K\u00e4ufer berechtigt, nach dem Setzen einer angemessenen Nachfrist von dem Vertrag zur\u00fcckzutreten.<\/li><li>Ist die Lieferung aus Gr\u00fcnden, die der Verk\u00e4ufer nicht zu vertreten hat, unm\u00f6glich, so ist der Anspruch auf Lieferung ausgeschlossen. Der Verk\u00e4ufer verpflichtet sich im Falle der Nichterf\u00fcllbarkeit der Leistung den K\u00e4ufer umgehend \u00fcber die Leistungshindernisse zu informieren und bereits erfolgte Zahlungen unverz\u00fcglich zu erstatten.<\/li><li>Der Verk\u00e4ufer tr\u00e4gt unabh\u00e4ngig von einer Transportversicherung das Risiko des Untergangs oder der Besch\u00e4digung der Ware auf dem Transportweg, sofern der K\u00e4ufer Verbraucher im Sinne des \u00a7 13 BGB (siehe \u00a7 1 Abs. 2 der AGB) ist.<\/li><li>In der Wahl des Transportunternehmens ist der Verk\u00e4ufer frei.<\/li><\/ol><p><strong>7. Preise und Versandkosten<\/strong><\/p><ol class=\"wp-block-list\" type=\"a\"><li>Die in den jeweiligen Angeboten angegebenen Preise enthalten die gesetzliche Mehrwertsteuer sowie sonstige Preisbestandteile (Gesamtpreis) zuz\u00fcglich der gesondert ausgewiesenen&nbsp; Versandkosten. &nbsp;Bei Lieferungen in Staaten au\u00dferhalb der Europ\u00e4ischen Union (Drittl\u00e4nder) k\u00f6nnen weitere Zollgeb\u00fchren bzw. Steuern anfallen, sobald die gekaufte Ware das Drittland erreicht hat (siehe nachfolgende Ziffer 8. dieser AGB)<\/li><li>Unterliegt der verkaufte Artikel der Differenzbesteuerung (gebrauchte Waren) verstehen sich die Verkaufspreise inklusive der vom Verk\u00e4ufer nach \u00a7 25 a UStG abzuf\u00fchrenden Umsatzsteuer und zuz\u00fcglich der gesondert ausgewiesenen Versandkosten. Im Falle einer Differenzbesteuerung ist die Mehrwertsteuer nicht ausweisbar.<\/li><\/ol><p><strong>8. <\/strong><strong>Zoll- und Einfuhrgeb\u00fchren bei Lieferungen <\/strong><strong>in Staaten au\u00dferhalb der EU<\/strong><strong><\/strong><\/p><p>Wir weisen darauf hin, dass bei Lieferungen in Staaten au\u00dferhalb der Europ\u00e4ischen Union (Drittl\u00e4nder) weitere Zollgeb\u00fchren bzw. Steuern anfallen k\u00f6nnen, sobald die gekaufte Ware das Drittland erreicht hat. Diese weiteren Zollgeb\u00fchren bzw. Steuern gehen zu Lasten des K\u00e4ufers. Der Verk\u00e4ufer hat keinen Einfluss auf diese Geb\u00fchren und kann die H\u00f6he auch nicht vorhersagen, da die Zollbestimmungen von Land zu Land betr\u00e4chtlich variieren. Wir empfehlen dem K\u00e4ufer bei einer Lieferung in ein Drittland, m\u00f6gliche Zollgeb\u00fchren bzw. lokale Steuern bei dem f\u00fcr das Drittland zust\u00e4ndigen Zollamt zu erfragen.<\/p><p><strong>9. Informationen \u00fcber Gew\u00e4hrleistungsbedingungen und Garantien<\/strong><\/p><ol class=\"wp-block-list\" type=\"a\"><li>Informationen \u00fcber dieGew\u00e4hrleistungsbedingungen finden Sie in \u00a7 4 der AGB.<strong><\/strong><\/li><li>Sofern der Verk\u00e4ufer eine zus\u00e4tzliche freiwillige Garantie gew\u00e4hrt, werden die gesetzlichen Gew\u00e4hrleistungsrechte des K\u00e4ufers hierdurch nicht eingeschr\u00e4nkt. Die Garantie gilt vielmehr zus\u00e4tzlich zu den gesetzlichen Gew\u00e4hrleistungsrechten, wobei der Inhalt der Garantie und alle wesentlichen Angaben, die f\u00fcr deren Geltendmachung gegen\u00fcber dem Verk\u00e4ufer erforderlich sind, der jeweiligen Garantieerkl\u00e4rung entnommen werden k\u00f6nnen.<\/li><\/ol><p><strong>10. Widerrufsrecht f\u00fcr Verbraucher<\/strong><\/p><p>Schlie\u00dfen Sie ein Rechtsgesch\u00e4ft zu einem Zwecke ab, das \u00fcberwiegend weder ihrer gewerblichen noch ihrer selbst\u00e4ndigen beruflichen T\u00e4tigkeit zugerechnet werden kann (Verbraucher im Sinne von \u00a7 13 BGB) steht Ihnen grunds\u00e4tzlich ein Widerrufsrecht zu. Die Einzelheiten zum Widerrufsrecht k\u00f6nnen Sie der separaten Widerrufsbelehrung des Verk\u00e4ufers entnehmen.<\/p><p><strong>11. Wesentliche Merkmale der Waren oder Dienstleistungen<\/strong><\/p><p>Die wesentlichen Merkmale der Waren oder Dienstleistungen k\u00f6nnen Sie den Angeboten des Verk\u00e4ufers entnehmen.<\/p><p><strong>12. Identit\u00e4t und ladungsf\u00e4hige Adresse des Verk\u00e4ufers<\/strong><\/p><p>Unsere Identit\u00e4t sowie unsere\u00a0 ladungsf\u00e4hige Adresse lauten:<br><em>Kui Armand Laszlo UG, Ungarn 2314 Halasztelek, Szilard Leo Stra\u00dfe 39.<\/em><\/p><p><strong>13. Online-Streitbeilegung (OS-Plattform)<\/strong><\/p><p>Die EU-Kommission stellt eine Online-Plattform zur Streitbeilegung (OS-Plattform) mit Online-H\u00e4ndlern bereit. Die OS-Plattform soll zur au\u00dfergerichtlichen Beilegung von Streitigkeiten \u00fcber vertragliche Verpflichtungen aus Online-Kaufvertr\u00e4gen dienen. Diese OS-Plattform ist unter dem folgenden Link erreichbar: <a href=\"http:\/\/ec.europa.eu\/consumers\/odr\/\">http:\/\/ec.europa.eu\/consumers\/odr\/<\/a><\/p><p><strong>14.Streitschlichtung nach dem Verbraucherstreitbeilegungsgesetz (VSBG)<\/strong><\/p><p>We are not obliged and not willing to participate in a dispute settlement procedure before a consumer arbitration board.<\/p><p><strong>Stand dieser AGB und Informationen:<\/strong><em> 27.05.2021.&nbsp;&nbsp;&nbsp;&nbsp;&nbsp;&nbsp;&nbsp;&nbsp;&nbsp;&nbsp;<\/em><\/p><p>__________________________________________________________________________________________________________________________<\/p><div style=\"height:25px\" aria-hidden=\"true\" class=\"wp-block-spacer\"><\/div><p>Schlie\u00dfen Sie ein Rechtsgesch\u00e4ft zu einem Zwecke ab, das \u00fcberwiegend weder ihrer gewerblichen noch ihrer selbst\u00e4ndigen beruflichen T\u00e4tigkeit zugerechnet werden kann (Verbraucher im Sinne von \u00a7 13 BGB) steht Ihnen das nachfolgende Widerrufsrecht zu:<\/p><p class=\"has-medium-font-size\"><strong><u>Widerrufsbelehrung<\/u><\/strong><\/p><p><strong>Widerrufsrecht<\/strong><\/p><p>Sie haben das Recht, binnen vierzehn Tagen ohne Angabe von Gr\u00fcnden diesen Vertrag zu widerrufen. Die Widerrufsfrist betr\u00e4gt vierzehn Tage ab dem Tag an dem Sie oder ein von Ihnen benannter Dritter, der nicht der Bef\u00f6rderer ist, die letzte Ware in Besitz genommen haben bzw. hat.<\/p><p>Um Ihr Widerrufsrecht auszu\u00fcben, m\u00fcssen Sie uns <em>Armand L\u00e1szl\u00f3 Kui, Ungarn 2314 Hal\u00e1sztelek, Szil\u00e1rd Le\u00f3 Stra\u00dfe 39, info@insolux.hu<\/em> mittels einer eindeutigen Erkl\u00e4rung (z.B. ein mit der Post versandter Brief, Telefax oder E-Mail) \u00fcber Ihren Entschluss, diesen Vertrag zu widerrufen, informieren. Sie k\u00f6nnen daf\u00fcr das beigef\u00fcgte Muster-Widerrufsformular verwenden, das jedoch nicht vorgeschrieben ist.<\/p><p>Zur Wahrung der Widerrufsfrist reicht es aus, dass Sie die Mitteilung \u00fcber die Aus\u00fcbung des Widerrufsrechts vor Ablauf der Widerrufsfrist absenden.<\/p><p><strong>Folgen des Widerrufs<\/strong><\/p><p>Wenn Sie diesen Vertrag widerrufen, haben wir Ihnen alle Zahlungen, die wir von Ihnen erhalten haben, einschlie\u00dflich der Lieferkosten (mit Ausnahme der zus\u00e4tzlichen Kosten, die sich daraus ergeben, dass Sie eine andere Art der Lieferung als die von uns angebotene, g\u00fcnstigste Standardlieferung gew\u00e4hlt haben), unverz\u00fcglich und sp\u00e4testens binnen vierzehn Tagen ab dem Tag zur\u00fcckzuzahlen, an dem die Mitteilung \u00fcber Ihren Widerruf dieses Vertrags bei uns eingegangen ist. F\u00fcr diese R\u00fcckzahlung verwenden wir dasselbe Zahlungsmittel, das Sie bei der urspr\u00fcnglichen Transaktion eingesetzt haben, es sei denn, mit Ihnen wurde ausdr\u00fccklich etwas anderes vereinbart; in keinem Fall werden Ihnen wegen dieser R\u00fcckzahlung Entgelte berechnet.<\/p><p>Wir k\u00f6nnen die R\u00fcckzahlung verweigern, bis wir die Waren wieder zur\u00fcckerhalten haben oder bis Sie den Nachweis erbracht haben, dass Sie die Waren zur\u00fcckgesandt haben, je nachdem, welches der fr\u00fchere Zeitpunkt ist.<\/p><p>Sie haben die Waren unverz\u00fcglich und in jedem Fall sp\u00e4testens binnen vierzehn Tagen ab dem Tag, an dem Sie uns \u00fcber den Widerruf dieses Vertrags unterrichten, an uns <em>Armand L\u00e1szl\u00f3 Kui, Ungarn 2314 Hal\u00e1sztelek, Szil\u00e1rd Le\u00f3 Stra\u00dfe 39<\/em>. zur\u00fcckzusenden oder zu \u00fcbergeben. Die Frist ist gewahrt, wenn Sie die Waren vor Ablauf der Frist von vierzehn Tagen absenden.<\/p><p>Sie tragen die unmittelbaren Kosten der R\u00fccksendung der Waren.<\/p><p>Sie m\u00fcssen f\u00fcr einen etwaigen Wertverlust der Waren nur aufkommen, wenn dieser Wertverlust auf einen zur Pr\u00fcfung der Beschaffenheit, Eigenschaften und Funktionsweise der Waren nicht notwendigen Umgang mit ihnen zur\u00fcckzuf\u00fchren ist.<\/p><p><strong>Ausschluss bzw. vorzeitiges Erl\u00f6schen des Widerrufsrechts<\/strong><\/p><p>Das Widerrufsrecht besteht nicht bei Vertr\u00e4gen:<\/p><ul class=\"wp-block-list\"><li>Zur Lieferung von Waren, die nicht vorgefertigt sind und f\u00fcr deren Herstellung<\/li><\/ul><p>eine individuelle Auswahl oder Bestimmung durch den Verbraucher ma\u00dfgeblich ist oder die eindeutig auf die pers\u00f6nlichen Bed\u00fcrfnisse des Verbrauchers zugeschnitten sind;<\/p><ul class=\"wp-block-list\"><li>zur Lieferung von Waren, die schnell verderben k\u00f6nnen oder deren Verfallsdatum schnell \u00fcberschritten w\u00fcrde,<\/li><li>zur Lieferung alkoholischer Getr\u00e4nke, deren Preis bei Vertragsschluss vereinbart wurde, die aber fr\u00fchestens 30 Tage nach Vertragsschluss geliefert werden k\u00f6nnen und deren aktueller Wert von Schwankungen auf dem Markt abh\u00e4ngt, auf die der Unternehmer keinen Einfluss hat,<\/li><li>zur Lieferung von Zeitungen, Zeitschriften oder Illustrierten mit Ausnahme von Abonnement-Vertr\u00e4gen,<\/li><\/ul><p>Das Widerrufsrecht erlischt vorzeitig bei Vertr\u00e4gen:<\/p><ul class=\"wp-block-list\"><li>zur Lieferung versiegelter Waren, die aus Gr\u00fcnden des Gesundheitsschutzes oder der Hygiene nicht zur R\u00fcckgabe geeignet sind, wenn ihre Versiegelung nach der Lieferung entfernt wurde,<\/li><li>zur Lieferung von Waren, wenn diese nach der Lieferung aufgrund ihrer Beschaffenheit untrennbar mit anderen G\u00fctern vermischt wurden,<\/li><li>zur Lieferung von Ton- oder Videoaufnahmen oder Computersoftware in einer versiegelten Packung, wenn die Versiegelung nach der Lieferung entfernt wurde<\/li><\/ul><p><strong><u>Widerrufsformular<\/u><\/strong>: <\/p><div class=\"wp-block-file\"><a href=\"https:\/\/insolux.hu\/wp-content\/uploads\/2021\/06\/Widerrufsformular.pdf\">.pdf file:<\/a><a href=\"https:\/\/insolux.hu\/wp-content\/uploads\/2021\/06\/Widerrufsformular.pdf\" class=\"wp-block-file__button\" download>Widerrufsformular<\/a><\/div><p><\/p>","protected":false},"excerpt":{"rendered":"<p>Allgemeine Gesch\u00e4ftsbedingungen (Die nachstehenden AGB enthalten im II. Teil zugleich gesetzliche Informationen zu Ihren Rechten im elektronischen Gesch\u00e4ftsverkehr sowie weitere Pflichtinformationen f\u00fcr Verbraucher) I. Teil: Allgemeine Gesch\u00e4ftsbedingungen: \u00a7 1 Begriffsbestimmungen \u00a7 2 Geltungsbereich der AGB f\u00fcr Unternehmer \u00a7 3 Eigentumsvorbehalt \u00a7 4 Gew\u00e4hrleistung \u00a7 5 Transportsch\u00e4den \u00a7 6 Anwendbares Recht \u00a7 7 Gerichtsstand II. Teil: [&hellip;]<\/p>","protected":false},"author":1,"featured_media":0,"parent":0,"menu_order":0,"comment_status":"closed","ping_status":"closed","template":"","meta":{"advanced_seo_description":"","jetpack_seo_html_title":"","jetpack_seo_noindex":false,"footnotes":""},"class_list":["post-267","page","type-page","status-publish","hentry"],"jetpack_sharing_enabled":true,"_links":{"self":[{"href":"https:\/\/insolux.hu\/en\/wp-json\/wp\/v2\/pages\/267"}],"collection":[{"href":"https:\/\/insolux.hu\/en\/wp-json\/wp\/v2\/pages"}],"about":[{"href":"https:\/\/insolux.hu\/en\/wp-json\/wp\/v2\/types\/page"}],"author":[{"embeddable":true,"href":"https:\/\/insolux.hu\/en\/wp-json\/wp\/v2\/users\/1"}],"replies":[{"embeddable":true,"href":"https:\/\/insolux.hu\/en\/wp-json\/wp\/v2\/comments?post=267"}],"version-history":[{"count":30,"href":"https:\/\/insolux.hu\/en\/wp-json\/wp\/v2\/pages\/267\/revisions"}],"predecessor-version":[{"id":3322,"href":"https:\/\/insolux.hu\/en\/wp-json\/wp\/v2\/pages\/267\/revisions\/3322"}],"wp:attachment":[{"href":"https:\/\/insolux.hu\/en\/wp-json\/wp\/v2\/media?parent=267"}],"curies":[{"name":"wp","href":"https:\/\/api.w.org\/{rel}","templated":true}]}}