{"id":4330,"date":"2023-05-10T16:13:07","date_gmt":"2023-05-10T16:13:07","guid":{"rendered":"https:\/\/insolux.hu\/?page_id=4330"},"modified":"2024-10-19T18:52:01","modified_gmt":"2024-10-19T18:52:01","slug":"modelle-materialen","status":"publish","type":"page","link":"https:\/\/insolux.hu\/de\/modelle-materialen\/","title":{"rendered":"Modelle &#038; Materialen"},"content":{"rendered":"<div style=\"height:59px\" aria-hidden=\"true\" class=\"wp-block-spacer\"><\/div><div class=\"wp-block-columns alignwide is-layout-flex wp-container-core-columns-is-layout-1 wp-block-columns-is-layout-flex\"><div class=\"wp-block-column is-vertically-aligned-center is-layout-flow wp-block-column-is-layout-flow\"><h2 class=\"wp-block-heading alignwide has-text-color\" style=\"color:#0061ce;font-size:27px\">Um die besten Ergebnisse zu erzielen, ben\u00f6tigen Sie die beste Ausr\u00fcstung! <\/h2>\n\n<p class=\"has-text-color\" style=\"color:#0061ce;font-size:17px\">Entdecken Sie, wie wir Ihrem Unternehmen mit unseren qualitativ hochwertigen Produkten in gro\u00dfen Mengen helfen k\u00f6nnen.<\/p>\n\n<div style=\"height:51px\" aria-hidden=\"true\" class=\"wp-block-spacer\"><\/div>\n\n<div class=\"wp-block-buttons alignwide is-content-justification-left is-layout-flex wp-container-core-buttons-is-layout-1 wp-block-buttons-is-layout-flex\"><div class=\"wp-block-button is-style-fill\"><a class=\"wp-block-button__link has-white-color has-text-color has-background wp-element-button\" href=\"https:\/\/insolux.hu\/wp-content\/uploads\/2024\/07\/Catalogue.pdf\" style=\"background-color:#0061ce\">Katalog herunterladen<\/a><\/div><\/div><\/div>\n\n<div class=\"wp-block-column is-layout-flow wp-block-column-is-layout-flow\"><div class=\"wp-block-image is-style-rounded\"><figure class=\"aligncenter size-full is-resized\"><img loading=\"lazy\" decoding=\"async\" width=\"1616\" height=\"909\" src=\"https:\/\/insolux.hu\/wp-content\/uploads\/2023\/05\/image-1-edited.png\" alt=\"\" class=\"wp-image-4221\" style=\"width:742px;height:417px\" srcset=\"https:\/\/insolux.hu\/wp-content\/uploads\/2023\/05\/image-1-edited.png 1616w, https:\/\/insolux.hu\/wp-content\/uploads\/2023\/05\/image-1-edited-1536x864.png 1536w, https:\/\/insolux.hu\/wp-content\/uploads\/2023\/05\/image-1-edited-18x10.png 18w, https:\/\/insolux.hu\/wp-content\/uploads\/2023\/05\/image-1-edited-1200x675.png 1200w\" sizes=\"(max-width: 1616px) 100vw, 1616px\" \/><\/figure><\/div><\/div><\/div><p class=\"has-text-align-justify has-text-color has-link-color wp-elements-b20faccdcc16c11a29256f88e98f576e\" style=\"color:#0061ce;font-size:17px\">Wir von Insolux Medical sind stolz darauf, hochwertige Einlegesohlen f\u00fcr eine breite Palette von Kunden anzubieten, darunter medizinische Gro\u00dfh\u00e4ndler und Schuhhersteller. Diese Unternehmen ben\u00f6tigen oft gro\u00dfe Mengen an Einlegesohlen und haben m\u00f6glicherweise spezifische Materialpr\u00e4ferenzen. Als Teil unseres Engagements arbeiten wir eng mit unseren Kunden zusammen, um ma\u00dfgeschneiderte L\u00f6sungen zu bieten, die ihren einzigartigen Anforderungen entsprechen. Unser erfahrenes Team steht jederzeit zur Verf\u00fcgung, um die verf\u00fcgbaren Materialoptionen zu diskutieren und unseren Kunden bei der Auswahl der besten Passform f\u00fcr ihr Unternehmen zu helfen.<\/p><div style=\"height:59px\" aria-hidden=\"true\" class=\"wp-block-spacer\"><\/div><div class=\"wp-block-columns alignwide are-vertically-aligned-center is-layout-flex wp-container-core-columns-is-layout-2 wp-block-columns-is-layout-flex\"><div class=\"wp-block-column is-vertically-aligned-center is-layout-flow wp-block-column-is-layout-flow\"><h2 class=\"wp-block-heading has-text-align-left has-text-color has-large-font-size\" style=\"color:#0061ce;font-style:normal;font-weight:100\">Sandwichstruktur<\/h2>\n\n<p class=\"has-text-color\" style=\"color:#0061ce;font-size:17px\">Unsere Sandwichstrukturen bieten zahlreiche Vorteile, wie z.B. hohe Festigkeit bei geringem Gewicht, hervorragende Isolierf\u00e4higkeit und hohe Best\u00e4ndigkeit gegen mechanische Belastungen.<\/p><\/div>\n\n<div class=\"wp-block-column is-vertically-aligned-center is-layout-flow wp-block-column-is-layout-flow\"><div class=\"wp-block-image is-style-rounded\"><figure class=\"aligncenter size-full is-resized\"><img loading=\"lazy\" decoding=\"async\" width=\"1643\" height=\"1643\" src=\"https:\/\/insolux.hu\/wp-content\/uploads\/2023\/05\/Other-insoles-edited.jpg\" alt=\"\" class=\"wp-image-4332\" style=\"width:497px;height:497px\" srcset=\"https:\/\/insolux.hu\/wp-content\/uploads\/2023\/05\/Other-insoles-edited.jpg 1643w, https:\/\/insolux.hu\/wp-content\/uploads\/2023\/05\/Other-insoles-edited-300x300.jpg 300w, https:\/\/insolux.hu\/wp-content\/uploads\/2023\/05\/Other-insoles-edited-150x150.jpg 150w, https:\/\/insolux.hu\/wp-content\/uploads\/2023\/05\/Other-insoles-edited-768x768.jpg 768w, https:\/\/insolux.hu\/wp-content\/uploads\/2023\/05\/Other-insoles-edited-1536x1536.jpg 1536w, https:\/\/insolux.hu\/wp-content\/uploads\/2023\/05\/Other-insoles-edited-12x12.jpg 12w, https:\/\/insolux.hu\/wp-content\/uploads\/2023\/05\/Other-insoles-edited-1200x1200.jpg 1200w, https:\/\/insolux.hu\/wp-content\/uploads\/2023\/05\/Other-insoles-edited-100x100.jpg 100w\" sizes=\"(max-width: 1643px) 100vw, 1643px\" \/><\/figure><\/div><\/div><\/div><div style=\"height:51px\" aria-hidden=\"true\" class=\"wp-block-spacer\"><\/div><p class=\"has-text-color has-link-color has-large-font-size wp-elements-adacc0135983f0bd920cfe20cdfa8e13\" style=\"color:#0061ce;font-style:normal;font-weight:300\"><strong>EVA<\/strong>-Basis und <strong>thermoplastische <\/strong>Basis<\/p><figure class=\"wp-block-jetpack-image-compare\"><div class=\"juxtapose\" data-mode=\"horizontal\"><img loading=\"lazy\" decoding=\"async\" id=\"4679\" src=\"https:\/\/i1.wp.com\/insolux.de\/wp-content\/uploads\/2024\/10\/Insolux-10-e1729363072951.jpg?ssl=1\" alt=\"\" width=\"1350\" height=\"501\" class=\"image-compare__image-before\"\/><img loading=\"lazy\" decoding=\"async\" id=\"2470\" src=\"https:\/\/i1.wp.com\/insolux.de\/wp-content\/uploads\/2020\/11\/Insolux-20-1-e1729363134349.jpg?ssl=1\" alt=\"\" width=\"1356\" height=\"501\" class=\"image-compare__image-after\"\/><\/div><\/figure><div class=\"wp-block-columns alignwide is-layout-flex wp-container-core-columns-is-layout-5 wp-block-columns-is-layout-flex\"><div class=\"wp-block-column is-vertically-aligned-center is-layout-flow wp-block-column-is-layout-flow\" style=\"flex-basis:550px\"><h2 class=\"wp-block-heading has-text-align-left has-text-color has-large-font-size\" style=\"color:#0061ce;font-style:normal;font-weight:100\">Ma\u00dfgefertigte Produktion<\/h2>\n\n<p class=\"has-text-align-left has-text-color\" style=\"color:#0061ce;font-size:17px\">Hier finden Sie eine kurze Beschreibung unserer Hauptmodelle. Wir bieten eine breite Palette an Anpassungsm\u00f6glichkeiten, um Ihren spezifischen Bed\u00fcrfnissen gerecht zu werden.<\/p>\n\n<div class=\"wp-block-image\"><figure class=\"alignleft size-full is-resized\"><img loading=\"lazy\" decoding=\"async\" width=\"1076\" height=\"672\" src=\"https:\/\/insolux.hu\/wp-content\/uploads\/2023\/05\/IMG_7979-edited-2.jpg\" alt=\"\" class=\"wp-image-4408\" style=\"width:337px;height:210px\" srcset=\"https:\/\/insolux.hu\/wp-content\/uploads\/2023\/05\/IMG_7979-edited-2.jpg 1076w, https:\/\/insolux.hu\/wp-content\/uploads\/2023\/05\/IMG_7979-edited-2-18x12.jpg 18w\" sizes=\"(max-width: 1076px) 100vw, 1076px\" \/><\/figure><\/div><\/div>\n\n<div class=\"wp-block-column is-vertically-aligned-top is-layout-flow wp-block-column-is-layout-flow\"><div class=\"wp-block-columns is-layout-flex wp-container-core-columns-is-layout-3 wp-block-columns-is-layout-flex\"><div class=\"wp-block-column is-layout-flow wp-block-column-is-layout-flow\"><div class=\"wp-block-cover\" style=\"font-style:normal;font-weight:100;min-height:120px;aspect-ratio:unset;\"><span aria-hidden=\"true\" class=\"wp-block-cover__background has-background-dim-100 has-background-dim\" style=\"background-color:#0061ce\"><\/span><div class=\"wp-block-cover__inner-container is-layout-flow wp-block-cover-is-layout-flow\"><p class=\"has-text-align-center has-white-color has-text-color\" style=\"font-size:22px\">Materialien<\/p><\/div><\/div><\/div>\n\n<div class=\"wp-block-column is-layout-flow wp-block-column-is-layout-flow\"><div class=\"wp-block-cover\" style=\"min-height:120px;aspect-ratio:unset;\"><span aria-hidden=\"true\" class=\"wp-block-cover__background has-background-dim-100 has-background-dim\" style=\"background-color:#0061ce\"><\/span><div class=\"wp-block-cover__inner-container is-layout-flow wp-block-cover-is-layout-flow\"><p class=\"has-text-align-center has-white-color has-text-color\" style=\"font-size:22px;font-style:normal;font-weight:100\">Schichtkombinationen<\/p><\/div><\/div><\/div><\/div>\n\n<div class=\"wp-block-columns is-layout-flex wp-container-core-columns-is-layout-4 wp-block-columns-is-layout-flex\"><div class=\"wp-block-column is-layout-flow wp-block-column-is-layout-flow\"><div class=\"wp-block-cover has-small-font-size\" style=\"min-height:120px;aspect-ratio:unset;\"><span aria-hidden=\"true\" class=\"wp-block-cover__background has-background-dim-100 has-background-dim\" style=\"background-color:#0061ce\"><\/span><div class=\"wp-block-cover__inner-container is-layout-flow wp-block-cover-is-layout-flow\"><p class=\"has-text-align-center has-white-color has-text-color\" style=\"font-size:22px;font-style:normal;font-weight:100\">Basistypen <\/p><\/div><\/div><\/div>\n\n<div class=\"wp-block-column is-layout-flow wp-block-column-is-layout-flow\"><div class=\"wp-block-cover\" style=\"min-height:120px;aspect-ratio:unset;\"><span aria-hidden=\"true\" class=\"wp-block-cover__background has-background-dim-100 has-background-dim\" style=\"background-color:#0061ce\"><\/span><div class=\"wp-block-cover__inner-container is-layout-flow wp-block-cover-is-layout-flow\"><p class=\"has-text-align-center has-white-color has-text-color\" style=\"font-size:22px;font-style:normal;font-weight:100\">Pelotte <\/p><\/div><\/div><\/div><\/div><\/div><\/div><div style=\"height:94px\" aria-hidden=\"true\" class=\"wp-block-spacer\"><\/div><h2 class=\"wp-block-heading has-text-color has-large-font-size\" style=\"color:#0061ce;font-style:normal;font-weight:100\">Unsere Modelle<\/h2><div style=\"height:94px\" aria-hidden=\"true\" class=\"wp-block-spacer\"><\/div><div class=\"wp-block-columns alignwide are-vertically-aligned-center is-layout-flex wp-container-core-columns-is-layout-6 wp-block-columns-is-layout-flex\"><div class=\"wp-block-column is-vertically-aligned-center is-layout-flow wp-block-column-is-layout-flow\"><div class=\"wp-block-cover aligncenter is-light\" style=\"min-height:350px;aspect-ratio:unset;\"><span aria-hidden=\"true\" class=\"wp-block-cover__background has-white-background-color has-background-dim-100 has-background-dim\"><\/span><div class=\"wp-block-cover__inner-container is-layout-flow wp-block-cover-is-layout-flow\"><h2 class=\"wp-block-heading has-text-color\" style=\"color:#0061ce;font-style:normal;font-weight:100\">Sandwichstruktur &#8211; EVA<\/h2>\n\n<div style=\"height:17px\" aria-hidden=\"true\" class=\"wp-block-spacer\"><\/div>\n\n<p class=\"has-text-align-left has-text-color\" style=\"color:#0061ce;font-size:17px\">Dieses Produkt wird auf einer wei\u00dfen EVA-Basis hergestellt und kann entweder als Endprodukt verkauft oder von Spezialisten modifiziert werden, um sich an die individuellen Bed\u00fcrfnisse der Patienten anzupassen. <\/p>\n\n<div style=\"height:18px\" aria-hidden=\"true\" class=\"wp-block-spacer\"><\/div>\n\n<p class=\"has-text-color\" style=\"color:#0061ce;font-size:17px\">Gr\u00f6\u00dfe: 17-48<\/p><\/div><\/div><\/div>\n\n<div class=\"wp-block-column is-vertically-aligned-center is-layout-flow wp-block-column-is-layout-flow\" style=\"flex-basis:700px\"><div class=\"wp-block-image\"><figure class=\"aligncenter size-full is-resized\"><img loading=\"lazy\" decoding=\"async\" width=\"1066\" height=\"600\" src=\"https:\/\/insolux.hu\/wp-content\/uploads\/2023\/04\/image-2-edited-1.png\" alt=\"\" class=\"wp-image-4181\" style=\"width:577px;height:324px\" srcset=\"https:\/\/insolux.hu\/wp-content\/uploads\/2023\/04\/image-2-edited-1.png 1066w, https:\/\/insolux.hu\/wp-content\/uploads\/2023\/04\/image-2-edited-1-18x10.png 18w\" sizes=\"(max-width: 1066px) 100vw, 1066px\" \/><\/figure><\/div><\/div><\/div><div style=\"height:35px\" aria-hidden=\"true\" class=\"wp-block-spacer\"><\/div><div class=\"wp-block-columns alignwide are-vertically-aligned-center is-layout-flex wp-container-core-columns-is-layout-7 wp-block-columns-is-layout-flex\"><div class=\"wp-block-column is-vertically-aligned-center is-layout-flow wp-block-column-is-layout-flow\"><div class=\"wp-block-cover aligncenter is-light has-text-color has-link-color wp-elements-2ab2cad59f0972dfc8ed43d43b34f5a2\" style=\"color:#00cfab;min-height:350px;aspect-ratio:unset;\"><span aria-hidden=\"true\" class=\"wp-block-cover__background has-white-background-color has-background-dim-100 has-background-dim\"><\/span><div class=\"wp-block-cover__inner-container is-layout-flow wp-block-cover-is-layout-flow\"><h2 class=\"wp-block-heading has-text-color\" style=\"color:#0061ce;font-style:normal;font-weight:100\">Sandwichstruktur &#8211; Kork<\/h2>\n\n<div style=\"height:16px\" aria-hidden=\"true\" class=\"wp-block-spacer\"><\/div>\n\n<p class=\"has-text-align-left has-text-color\" style=\"color:#0061ce;font-size:17px\">Dieses Produkt wird auf einer Korkbasis hergestellt und kann entweder als Endprodukt verkauft oder von Spezialisten modifiziert werden, um sich an die individuellen Bed\u00fcrfnisse der Patienten anzupassen. <\/p>\n\n<div style=\"height:18px\" aria-hidden=\"true\" class=\"wp-block-spacer\"><\/div>\n\n<p class=\"has-text-color\" style=\"color:#0061ce;font-size:17px\">Gr\u00f6\u00dfe: 17-48<\/p><\/div><\/div><\/div>\n\n<div class=\"wp-block-column is-vertically-aligned-center is-layout-flow wp-block-column-is-layout-flow\" style=\"flex-basis:700px\"><div class=\"wp-block-image\"><figure class=\"aligncenter size-full is-resized\"><img loading=\"lazy\" decoding=\"async\" width=\"1176\" height=\"498\" src=\"https:\/\/insolux.hu\/wp-content\/uploads\/2023\/04\/image-3-edited.png\" alt=\"\" class=\"wp-image-4180\" style=\"width:612px;height:259px\" srcset=\"https:\/\/insolux.hu\/wp-content\/uploads\/2023\/04\/image-3-edited.png 1176w, https:\/\/insolux.hu\/wp-content\/uploads\/2023\/04\/image-3-edited-18x8.png 18w\" sizes=\"(max-width: 1176px) 100vw, 1176px\" \/><\/figure><\/div><\/div><\/div><div style=\"height:36px\" aria-hidden=\"true\" class=\"wp-block-spacer\"><\/div><div class=\"wp-block-columns alignwide are-vertically-aligned-center is-layout-flex wp-container-core-columns-is-layout-9 wp-block-columns-is-layout-flex\"><div class=\"wp-block-column is-vertically-aligned-center is-layout-flow wp-block-column-is-layout-flow\"><div class=\"wp-block-columns is-layout-flex wp-container-core-columns-is-layout-8 wp-block-columns-is-layout-flex\"><div class=\"wp-block-column is-layout-flow wp-block-column-is-layout-flow\"><div class=\"wp-block-cover alignwide is-light\" style=\"min-height:400px;aspect-ratio:unset;\"><span aria-hidden=\"true\" class=\"wp-block-cover__background has-white-background-color has-background-dim-100 has-background-dim\"><\/span><div class=\"wp-block-cover__inner-container is-layout-flow wp-block-cover-is-layout-flow\"><h2 class=\"wp-block-heading has-text-color\" style=\"color:#0061ce;font-style:normal;font-weight:100\">Thermoplastisch<\/h2>\n\n<div style=\"height:17px\" aria-hidden=\"true\" class=\"wp-block-spacer\"><\/div>\n\n<p class=\"has-text-align-left has-text-color\" style=\"color:#0061ce;font-size:17px\">Dieses Produkt wurde entwickelt, um direkt in Schuhe eingebaut zu werden und kann nicht modifiziert werden. Dank seiner d\u00fcnnen Struktur nimmt es wenig Platz in den Schuhen ein. Verf\u00fcgbar in 3\/4 L\u00e4nge.<\/p>\n\n<div style=\"height:20px\" aria-hidden=\"true\" class=\"wp-block-spacer\"><\/div>\n\n<p class=\"has-text-color\" style=\"color:#0061ce;font-size:17px\">Gr\u00f6\u00dfe: 24-48<\/p><\/div><\/div><\/div>\n\n<div class=\"wp-block-column is-vertically-aligned-center is-layout-flow wp-block-column-is-layout-flow\" style=\"flex-basis:700px\"><div class=\"wp-block-image\"><figure class=\"aligncenter size-full is-resized\"><img loading=\"lazy\" decoding=\"async\" width=\"1056\" height=\"606\" src=\"https:\/\/insolux.hu\/wp-content\/uploads\/2023\/04\/image-4.png\" alt=\"\" class=\"wp-image-4182\" style=\"width:564px;height:324px\" srcset=\"https:\/\/insolux.hu\/wp-content\/uploads\/2023\/04\/image-4.png 1056w, https:\/\/insolux.hu\/wp-content\/uploads\/2023\/04\/image-4-18x10.png 18w\" sizes=\"(max-width: 1056px) 100vw, 1056px\" \/><\/figure><\/div><\/div><\/div>\n\n<div style=\"height:32px\" aria-hidden=\"true\" class=\"wp-block-spacer\"><\/div><\/div><\/div><div class=\"wp-block-columns alignwide are-vertically-aligned-center is-layout-flex wp-container-core-columns-is-layout-10 wp-block-columns-is-layout-flex\"><div class=\"wp-block-column is-layout-flow wp-block-column-is-layout-flow\"><div class=\"wp-block-cover aligncenter is-light\" style=\"min-height:400px;aspect-ratio:unset;\"><span aria-hidden=\"true\" class=\"wp-block-cover__background has-white-background-color has-background-dim-100 has-background-dim\"><\/span><div class=\"wp-block-cover__inner-container is-layout-flow wp-block-cover-is-layout-flow\"><h2 class=\"wp-block-heading has-text-color\" style=\"color:#0061ce;font-style:normal;font-weight:100\">Diabetes &#8211; special type<\/h2>\n\n<div style=\"height:23px\" aria-hidden=\"true\" class=\"wp-block-spacer\"><\/div>\n\n<p class=\"has-text-align-left has-text-color\" style=\"color:#0061ce;font-size:17px\">Diese Einlegesohle besteht aus einer EVA-Basis, einer 5 mm dicken Schicht und einem speziellen weichen, gepolsterten Material f\u00fcr Diabetiker.<\/p>\n\n<div style=\"height:22px\" aria-hidden=\"true\" class=\"wp-block-spacer\"><\/div>\n\n<p class=\"has-text-color\" style=\"color:#0061ce;font-size:17px\">Gr\u00f6\u00dfe: 34-48<\/p><\/div><\/div><\/div>\n\n<div class=\"wp-block-column is-vertically-aligned-center is-layout-flow wp-block-column-is-layout-flow\" style=\"flex-basis:700px\"><div class=\"wp-block-image\"><figure class=\"aligncenter size-full is-resized\"><img loading=\"lazy\" decoding=\"async\" width=\"919\" height=\"723\" src=\"https:\/\/insolux.hu\/wp-content\/uploads\/2023\/04\/image-5.png\" alt=\"\" class=\"wp-image-4183\" style=\"width:344px;height:271px\" srcset=\"https:\/\/insolux.hu\/wp-content\/uploads\/2023\/04\/image-5.png 919w, https:\/\/insolux.hu\/wp-content\/uploads\/2023\/04\/image-5-15x12.png 15w\" sizes=\"(max-width: 919px) 100vw, 919px\" \/><\/figure><\/div><\/div><\/div><div style=\"height:38px\" aria-hidden=\"true\" class=\"wp-block-spacer\"><\/div><div class=\"wp-block-columns alignwide are-vertically-aligned-center is-layout-flex wp-container-core-columns-is-layout-11 wp-block-columns-is-layout-flex\"><div class=\"wp-block-column is-layout-flow wp-block-column-is-layout-flow\"><div class=\"wp-block-cover aligncenter is-light\" style=\"min-height:400px;aspect-ratio:unset;\"><span aria-hidden=\"true\" class=\"wp-block-cover__background has-white-background-color has-background-dim-100 has-background-dim\"><\/span><div class=\"wp-block-cover__inner-container is-layout-flow wp-block-cover-is-layout-flow\"><h2 class=\"wp-block-heading has-text-color\" style=\"color:#0061ce;font-style:normal;font-weight:100\">Thermoplastisch erh\u00f6rt &#8211; special type<\/h2>\n\n<div style=\"height:17px\" aria-hidden=\"true\" class=\"wp-block-spacer\"><\/div>\n\n<p class=\"has-text-align-left has-text-color\" style=\"color:#0061ce;font-size:17px\">Thermoplastische erh\u00f6hte Einlagen haben an beiden Seiten des Fu\u00dfes einen erh\u00f6hten Rand mit einem zus\u00e4tzlichen H\u00f6henunterschied zwischen den \u00e4u\u00dferen und inneren Kanten der Einlage. Diese Einlagen bieten eine aggressivere Korrektur f\u00fcr Personen mit starkem \u00dcberpronation oder flachen F\u00fc\u00dfen.<\/p>\n\n<div style=\"height:18px\" aria-hidden=\"true\" class=\"wp-block-spacer\"><\/div>\n\n<p class=\"has-text-color\" style=\"color:#0061ce;font-size:17px\">Gr\u00f6\u00dfe: 17-48<\/p><\/div><\/div><\/div>\n\n<div class=\"wp-block-column is-vertically-aligned-center is-layout-flow wp-block-column-is-layout-flow\" style=\"flex-basis:700px\"><div class=\"wp-block-image\"><figure class=\"aligncenter size-full is-resized\"><img decoding=\"async\" src=\"https:\/\/insolux.hu\/wp-content\/uploads\/2023\/04\/image-7.png\" alt=\"\" class=\"wp-image-4185\" style=\"width:484px;height:340px\"\/><\/figure><\/div><\/div><\/div><div style=\"height:122px\" aria-hidden=\"true\" class=\"wp-block-spacer\"><\/div><div class=\"wp-block-columns alignwide are-vertically-aligned-center is-layout-flex wp-container-core-columns-is-layout-12 wp-block-columns-is-layout-flex\"><div class=\"wp-block-column is-vertically-aligned-center is-layout-flow wp-block-column-is-layout-flow\"><h2 class=\"wp-block-heading has-text-align-center has-text-color has-large-font-size\" style=\"color:#0061ce;font-style:normal;font-weight:100\">Materialen &amp; Farben<\/h2><\/div>\n\n<div class=\"wp-block-column is-vertically-aligned-center is-layout-flow wp-block-column-is-layout-flow\"><div class=\"wp-block-image is-style-rounded\"><figure class=\"aligncenter size-full is-resized\"><img loading=\"lazy\" decoding=\"async\" width=\"683\" height=\"683\" src=\"https:\/\/insolux.hu\/wp-content\/uploads\/2023\/05\/38c8ec3a-7e1d-4835-8e21-1f88d9d8a624-edited.jpg\" alt=\"\" class=\"wp-image-4369\" style=\"width:494px;height:494px\" srcset=\"https:\/\/insolux.hu\/wp-content\/uploads\/2023\/05\/38c8ec3a-7e1d-4835-8e21-1f88d9d8a624-edited.jpg 683w, https:\/\/insolux.hu\/wp-content\/uploads\/2023\/05\/38c8ec3a-7e1d-4835-8e21-1f88d9d8a624-edited-300x300.jpg 300w, https:\/\/insolux.hu\/wp-content\/uploads\/2023\/05\/38c8ec3a-7e1d-4835-8e21-1f88d9d8a624-edited-150x150.jpg 150w, https:\/\/insolux.hu\/wp-content\/uploads\/2023\/05\/38c8ec3a-7e1d-4835-8e21-1f88d9d8a624-edited-12x12.jpg 12w, https:\/\/insolux.hu\/wp-content\/uploads\/2023\/05\/38c8ec3a-7e1d-4835-8e21-1f88d9d8a624-edited-100x100.jpg 100w\" sizes=\"(max-width: 683px) 100vw, 683px\" \/><\/figure><\/div><\/div><\/div><div style=\"height:55px\" aria-hidden=\"true\" class=\"wp-block-spacer\"><\/div><div class=\"wp-block-columns alignwide is-layout-flex wp-container-core-columns-is-layout-13 wp-block-columns-is-layout-flex\"><div class=\"wp-block-column is-layout-flow wp-block-column-is-layout-flow\"><h2 class=\"wp-block-heading has-text-color\" style=\"color:#0061ce;font-size:32px;font-style:normal;font-weight:100\">Materialen<\/h2>\n\n<p class=\"has-text-color\" style=\"color:#0061ce\">Wir verwenden haupts\u00e4chlich EVA-Material f\u00fcr die Herstellung des Obermaterials der Einlegesohlen, aber auf Wunsch k\u00f6nnen wir auch Obermaterial aus Kunstleder herstellen. Wir bieten eine breite Auswahl an EVA-Materialien an und sind sicher, dass wir das f\u00fcr Ihre Bed\u00fcrfnisse geeignete finden.<\/p>\n\n<p class=\"has-text-color\" style=\"color:#0061ce\">Wenn Sie \u00fcber eigenes Material verf\u00fcgen, aus dem Sie das Obermaterial der Einlegesohlen herstellen lassen m\u00f6chten, teilen Sie uns bitte diesen Wunsch mit. Wir \u00fcbernehmen die Beschaffung des Materials f\u00fcr Sie.<\/p><\/div>\n\n<div class=\"wp-block-column is-layout-flow wp-block-column-is-layout-flow\"><h2 class=\"wp-block-heading has-text-color\" style=\"color:#0061ce;font-size:32px;font-style:normal;font-weight:100\">Farben<\/h2>\n\n<p class=\"has-text-color\" style=\"color:#0061ce\">Wenn Sie die derzeit verf\u00fcgbaren EVA-Materialfarben kennenlernen m\u00f6chten, schreiben Sie uns bitte eine E-Mail und unsere Kollegen beantworten gerne Ihre Fragen:<\/p>\n\n<div style=\"height:15px\" aria-hidden=\"true\" class=\"wp-block-spacer\"><\/div>\n\n<p class=\"has-text-align-left has-text-color\" style=\"color:#0061ce;font-style:normal;font-weight:500;text-transform:lowercase\">office@insolux.hu<\/p><\/div><\/div><div class=\"wp-block-image\"><figure class=\"aligncenter size-full is-resized\"><img loading=\"lazy\" decoding=\"async\" width=\"1280\" height=\"800\" src=\"https:\/\/insolux.hu\/wp-content\/uploads\/2023\/05\/IMG_7980-edited.jpg\" alt=\"\" class=\"wp-image-4401\" style=\"width:443px;height:277px\" srcset=\"https:\/\/insolux.hu\/wp-content\/uploads\/2023\/05\/IMG_7980-edited.jpg 1280w, https:\/\/insolux.hu\/wp-content\/uploads\/2023\/05\/IMG_7980-edited-18x12.jpg 18w, https:\/\/insolux.hu\/wp-content\/uploads\/2023\/05\/IMG_7980-edited-1200x750.jpg 1200w\" sizes=\"(max-width: 1280px) 100vw, 1280px\" \/><\/figure><\/div><div style=\"height:146px\" aria-hidden=\"true\" class=\"wp-block-spacer\"><\/div><div class=\"wp-block-columns alignwide are-vertically-aligned-center is-layout-flex wp-container-core-columns-is-layout-14 wp-block-columns-is-layout-flex\"><div class=\"wp-block-column is-vertically-aligned-center is-layout-flow wp-block-column-is-layout-flow\"><h2 class=\"wp-block-heading has-text-color\" style=\"color:#0061ce;font-size:29px;font-style:normal;font-weight:100\">Kontaktieren Sie uns und wir senden Ihnen die gew\u00fcnschten Muster!<\/h2><\/div>\n\n<div class=\"wp-block-column is-vertically-aligned-center is-layout-flow wp-block-column-is-layout-flow\" style=\"flex-basis:350px\"><figure class=\"wp-block-image size-full is-resized\"><img loading=\"lazy\" decoding=\"async\" width=\"800\" height=\"1280\" src=\"https:\/\/insolux.hu\/wp-content\/uploads\/2022\/02\/IMG_5044-edited.jpg\" alt=\"\" class=\"wp-image-3833\" style=\"width:229px;height:366px\"\/><\/figure><\/div><\/div><div style=\"height:68px\" aria-hidden=\"true\" class=\"wp-block-spacer\"><\/div><p><\/p>","protected":false},"excerpt":{"rendered":"<p>Um die besten Ergebnisse zu erzielen, ben\u00f6tigen Sie die beste Ausr\u00fcstung! Entdecken Sie, wie wir Ihrem Unternehmen mit unseren qualitativ hochwertigen Produkten in gro\u00dfen Mengen helfen k\u00f6nnen. Wir von Insolux Medical sind stolz darauf, hochwertige Einlegesohlen f\u00fcr eine breite Palette von Kunden anzubieten, darunter medizinische Gro\u00dfh\u00e4ndler und Schuhhersteller. Diese Unternehmen ben\u00f6tigen oft gro\u00dfe Mengen an [&hellip;]<\/p>\n","protected":false},"author":1,"featured_media":0,"parent":0,"menu_order":0,"comment_status":"closed","ping_status":"closed","template":"","meta":{"advanced_seo_description":"","jetpack_seo_html_title":"","jetpack_seo_noindex":false,"footnotes":""},"class_list":["post-4330","page","type-page","status-publish","hentry"],"jetpack_sharing_enabled":true,"_links":{"self":[{"href":"https:\/\/insolux.hu\/de\/wp-json\/wp\/v2\/pages\/4330"}],"collection":[{"href":"https:\/\/insolux.hu\/de\/wp-json\/wp\/v2\/pages"}],"about":[{"href":"https:\/\/insolux.hu\/de\/wp-json\/wp\/v2\/types\/page"}],"author":[{"embeddable":true,"href":"https:\/\/insolux.hu\/de\/wp-json\/wp\/v2\/users\/1"}],"replies":[{"embeddable":true,"href":"https:\/\/insolux.hu\/de\/wp-json\/wp\/v2\/comments?post=4330"}],"version-history":[{"count":55,"href":"https:\/\/insolux.hu\/de\/wp-json\/wp\/v2\/pages\/4330\/revisions"}],"predecessor-version":[{"id":4717,"href":"https:\/\/insolux.hu\/de\/wp-json\/wp\/v2\/pages\/4330\/revisions\/4717"}],"wp:attachment":[{"href":"https:\/\/insolux.hu\/de\/wp-json\/wp\/v2\/media?parent=4330"}],"curies":[{"name":"wp","href":"https:\/\/api.w.org\/{rel}","templated":true}]}}