{"id":4149,"date":"2023-04-30T11:02:28","date_gmt":"2023-04-30T11:02:28","guid":{"rendered":"https:\/\/insolux.hu\/?page_id=4149"},"modified":"2023-11-01T11:03:01","modified_gmt":"2023-11-01T11:03:01","slug":"fuer-unternehmen","status":"publish","type":"page","link":"https:\/\/insolux.hu\/de\/fuer-unternehmen\/","title":{"rendered":"F\u00fcr Unternehmen"},"content":{"rendered":"<div style=\"height:53px\" aria-hidden=\"true\" class=\"wp-block-spacer\"><\/div><div class=\"wp-block-columns alignwide is-layout-flex wp-container-core-columns-is-layout-1 wp-block-columns-is-layout-flex\"><div class=\"wp-block-column is-vertically-aligned-center is-layout-flow wp-block-column-is-layout-flow\"><h2 class=\"alignwide has-text-color wp-block-heading\" style=\"color:#0061ce;font-size:27px\">Um die besten Ergebnisse zu erzielen, ben\u00f6tigen Sie die beste Ausr\u00fcstung! <\/h2>\n\n<p class=\"has-text-color\" style=\"color:#0061ce;font-size:15px\">Entdecken Sie, wie wir Ihrem Unternehmen mit unseren qualitativ hochwertigen Produkten in gro\u00dfen Mengen helfen k\u00f6nnen.<\/p>\n\n<div style=\"height:51px\" aria-hidden=\"true\" class=\"wp-block-spacer\"><\/div>\n\n<div class=\"wp-block-buttons alignwide is-content-justification-left is-layout-flex wp-container-core-buttons-is-layout-1 wp-block-buttons-is-layout-flex\"><div class=\"wp-block-button alignleft\"><a class=\"wp-block-button__link has-white-color has-text-color has-background wp-element-button\" href=\"https:\/\/insolux.hu\/modelle-materialen\/\" style=\"background-color:#0061ce\">Modelle &amp; Materialen<\/a><\/div>\n\n<div class=\"wp-block-button is-style-outline is-style-outline--5c8ede6b52a3f8bc65de1d05e001d3f5\"><a class=\"wp-block-button__link has-white-background-color has-text-color has-background wp-element-button\" href=\"https:\/\/insolux.hu\/wp-content\/uploads\/2023\/11\/Catalogue.pdf\" style=\"color:#0061ce\">Katalog herunterladen<\/a><\/div><\/div><\/div>\n\n<div class=\"wp-block-column is-layout-flow wp-block-column-is-layout-flow\"><div class=\"wp-block-image is-style-rounded\"><figure class=\"aligncenter size-full is-resized\"><img loading=\"lazy\" decoding=\"async\" src=\"https:\/\/insolux.hu\/wp-content\/uploads\/2023\/05\/image-1-edited.png\" alt=\"\" class=\"wp-image-4221\" width=\"742\" height=\"417\" srcset=\"https:\/\/insolux.hu\/wp-content\/uploads\/2023\/05\/image-1-edited.png 1616w, https:\/\/insolux.hu\/wp-content\/uploads\/2023\/05\/image-1-edited-1536x864.png 1536w, https:\/\/insolux.hu\/wp-content\/uploads\/2023\/05\/image-1-edited-18x10.png 18w, https:\/\/insolux.hu\/wp-content\/uploads\/2023\/05\/image-1-edited-1200x675.png 1200w\" sizes=\"(max-width: 742px) 100vw, 742px\" \/><\/figure><\/div><\/div><\/div><div style=\"height:82px\" aria-hidden=\"true\" class=\"wp-block-spacer\"><\/div><p class=\"has-text-align-justify has-text-color\" style=\"color:#0061ce;font-size:18px\">Wir von Insolux Medical sind stolz darauf, hochwertige Einlegesohlen f\u00fcr eine breite Palette von Kunden anzubieten, darunter medizinische Gro\u00dfh\u00e4ndler und Schuhhersteller. Diese Unternehmen ben\u00f6tigen oft gro\u00dfe Mengen an Einlegesohlen und haben m\u00f6glicherweise spezifische Materialpr\u00e4ferenzen. Als Teil unseres Engagements arbeiten wir eng mit unseren Kunden zusammen, um ma\u00dfgeschneiderte L\u00f6sungen zu bieten, die ihren einzigartigen Anforderungen entsprechen. Unser erfahrenes Team steht jederzeit zur Verf\u00fcgung, um die verf\u00fcgbaren Materialoptionen zu diskutieren und unseren Kunden bei der Auswahl der besten Passform f\u00fcr ihr Unternehmen zu helfen.<\/p><div style=\"height:80px\" aria-hidden=\"true\" class=\"wp-block-spacer\"><\/div><div class=\"wp-block-columns alignwide are-vertically-aligned-center is-layout-flex wp-container-core-columns-is-layout-2 wp-block-columns-is-layout-flex\"><div class=\"wp-block-column is-vertically-aligned-center is-layout-flow wp-block-column-is-layout-flow\"><h2 class=\"has-text-color wp-block-heading\" style=\"color:#0061ce;font-size:29px;font-style:normal;font-weight:100\">Kontaktieren Sie uns und wir senden Ihnen die gew\u00fcnschten Muster!<\/h2>\n\n<div style=\"height:36px\" aria-hidden=\"true\" class=\"wp-block-spacer\"><\/div>\n\n<div class=\"wp-block-buttons is-layout-flex wp-block-buttons-is-layout-flex\"><div class=\"wp-block-button\"><a class=\"wp-block-button__link has-white-color has-text-color has-background wp-element-button\" href=\"https:\/\/insolux.hu\/kontakt\/\" style=\"background-color:#0061ce\">Kontakt<\/a><\/div><\/div><\/div>\n\n<div class=\"wp-block-column is-vertically-aligned-center is-layout-flow wp-block-column-is-layout-flow\" style=\"flex-basis:350px\"><figure class=\"wp-block-image size-full is-resized\"><img loading=\"lazy\" decoding=\"async\" src=\"https:\/\/insolux.hu\/wp-content\/uploads\/2022\/02\/IMG_5044-edited.jpg\" alt=\"\" class=\"wp-image-3833\" width=\"229\" height=\"366\"\/><\/figure><\/div><\/div><div style=\"height:55px\" aria-hidden=\"true\" class=\"wp-block-spacer\"><\/div>","protected":false},"excerpt":{"rendered":"<p>Um die besten Ergebnisse zu erzielen, ben\u00f6tigen Sie die beste Ausr\u00fcstung! Entdecken Sie, wie wir Ihrem Unternehmen mit unseren qualitativ hochwertigen Produkten in gro\u00dfen Mengen helfen k\u00f6nnen. Wir von Insolux Medical sind stolz darauf, hochwertige Einlegesohlen f\u00fcr eine breite Palette von Kunden anzubieten, darunter medizinische Gro\u00dfh\u00e4ndler und Schuhhersteller. Diese Unternehmen ben\u00f6tigen oft gro\u00dfe Mengen an [&hellip;]<\/p>\n","protected":false},"author":1,"featured_media":0,"parent":0,"menu_order":0,"comment_status":"closed","ping_status":"closed","template":"","meta":{"advanced_seo_description":"","jetpack_seo_html_title":"","jetpack_seo_noindex":false,"footnotes":""},"class_list":["post-4149","page","type-page","status-publish","hentry"],"jetpack_sharing_enabled":true,"_links":{"self":[{"href":"https:\/\/insolux.hu\/de\/wp-json\/wp\/v2\/pages\/4149"}],"collection":[{"href":"https:\/\/insolux.hu\/de\/wp-json\/wp\/v2\/pages"}],"about":[{"href":"https:\/\/insolux.hu\/de\/wp-json\/wp\/v2\/types\/page"}],"author":[{"embeddable":true,"href":"https:\/\/insolux.hu\/de\/wp-json\/wp\/v2\/users\/1"}],"replies":[{"embeddable":true,"href":"https:\/\/insolux.hu\/de\/wp-json\/wp\/v2\/comments?post=4149"}],"version-history":[{"count":81,"href":"https:\/\/insolux.hu\/de\/wp-json\/wp\/v2\/pages\/4149\/revisions"}],"predecessor-version":[{"id":4456,"href":"https:\/\/insolux.hu\/de\/wp-json\/wp\/v2\/pages\/4149\/revisions\/4456"}],"wp:attachment":[{"href":"https:\/\/insolux.hu\/de\/wp-json\/wp\/v2\/media?parent=4149"}],"curies":[{"name":"wp","href":"https:\/\/api.w.org\/{rel}","templated":true}]}}