{"id":3929,"date":"2022-02-07T18:18:54","date_gmt":"2022-02-07T18:18:54","guid":{"rendered":"https:\/\/insolux.hu\/?page_id=3929"},"modified":"2026-01-15T18:00:19","modified_gmt":"2026-01-15T18:00:19","slug":"ueber-uns","status":"publish","type":"page","link":"https:\/\/insolux.hu\/de\/ueber-uns\/","title":{"rendered":"\u00dcber Uns"},"content":{"rendered":"<div style=\"height:33px\" aria-hidden=\"true\" class=\"wp-block-spacer\"><\/div><div class=\"wp-block-columns alignwide are-vertically-aligned-top is-layout-flex wp-container-core-columns-is-layout-2 wp-block-columns-is-layout-flex\"><div class=\"wp-block-column is-vertically-aligned-top is-layout-flow wp-block-column-is-layout-flow\" style=\"flex-basis:66.66%\"><div class=\"wp-block-columns alignwide is-layout-flex wp-container-core-columns-is-layout-1 wp-block-columns-is-layout-flex\"><div class=\"wp-block-column is-layout-flow wp-block-column-is-layout-flow\"><figure class=\"wp-block-image size-full is-resized is-style-default\"><img loading=\"lazy\" decoding=\"async\" width=\"868\" height=\"1280\" src=\"https:\/\/insolux.hu\/wp-content\/uploads\/2026\/01\/image-1.png\" alt=\"\" class=\"wp-image-5001\" style=\"width:229px;height:auto\" srcset=\"https:\/\/insolux.hu\/wp-content\/uploads\/2026\/01\/image-1.png 868w, https:\/\/insolux.hu\/wp-content\/uploads\/2026\/01\/image-1-8x12.png 8w\" sizes=\"(max-width: 868px) 100vw, 868px\" \/><\/figure><\/div>\n\n<div class=\"wp-block-column is-vertically-aligned-center is-layout-flow wp-block-column-is-layout-flow\"><p class=\"has-text-color\" style=\"color:#0061ce\"><strong>Armand Kui<br><\/strong>Gesch\u00e4ftsf\u00fchrer<\/p><\/div><\/div>\n\n<p class=\"has-text-align-justify has-text-color\" style=\"color:#0061ce\">Bei Insolux Medical gehen unsere Wurzeln zur\u00fcck zu dem Zeitpunkt, als mein Vater mit einem Team in seiner Werkstatt in Budapest begann, ma\u00dfgefertigte Einlagen herzustellen. Im Laufe der Zeit arbeitete er eng mit Orthop\u00e4die\u00e4rzten zusammen, um eine Einlagenkonstruktion zu entwickeln, die f\u00fcr Endanwender, aber auch f\u00fcr Schuhmacher und Podologen geeignet ist, die diese Produkte an die spezifischen Bed\u00fcrfnisse ihrer Patienten anpassen k\u00f6nnen. Im Laufe der Jahre hat uns unsere Hingabe an ma\u00dfgeschneiderte L\u00f6sungen einen Ruf als vertrauensw\u00fcrdiger Partner f\u00fcr medizinische Gro\u00dfh\u00e4ndler und Schuhmacher in L\u00e4ndern wie Deutschland, Ungarn, \u00d6sterreich, Griechenland, Polen, Rum\u00e4nien, Israel und Schweden  eingebracht. Heute setzen wir diese Tradition der Innovation und Zusammenarbeit fort, um hochwertige orthop\u00e4dische Einlagen anzubieten, die eine Vielzahl von Fu\u00dfproblemen lindern k\u00f6nnen.<\/p>\n\n<div style=\"height:48px\" aria-hidden=\"true\" class=\"wp-block-spacer\"><\/div>\n\n<div class=\"wp-block-image is-style-rounded\"><figure class=\"aligncenter size-large is-resized\"><img loading=\"lazy\" decoding=\"async\" width=\"4000\" height=\"3196\" src=\"https:\/\/insolux.hu\/wp-content\/uploads\/2023\/04\/MapChart_Map-4000x3196.png\" alt=\"\" class=\"wp-image-4199\" style=\"width:323px;height:258px\"\/><\/figure><\/div>\n\n<div style=\"height:48px\" aria-hidden=\"true\" class=\"wp-block-spacer\"><\/div>\n\n<p class=\"has-text-align-justify has-text-color\" style=\"color:#0061ce\">Um unsere Reichweite zu erweitern und unseren loyalen Kunden weiterhin au\u00dfergew\u00f6hnlichen Mehrwert zu bieten, habe ich Insolux Medical gegr\u00fcndet, einen neuen Zweig unseres Familienunternehmens, der sich der Herstellung der besten orthop\u00e4dischen Einlagen auf dem Markt widmet. Wir haben auch diese Webseite als Mittel eingef\u00fchrt, um unser Angebot direkt an Endbenutzer zu erweitern und sicherzustellen, dass sie von unserem Expertenteam die h\u00f6chste Stufe an pers\u00f6nlicher Aufmerksamkeit und Betreuung erhalten.<\/p>\n\n<p class=\"has-text-align-justify has-text-color\" style=\"color:#0061ce\">Wir sind stolz auf unser Engagement f\u00fcr Qualit\u00e4t und Kundenzufriedenheit und freuen uns, unser Know-how und unsere Produkte durch diese Online-Plattform einem breiteren Publikum zug\u00e4nglich zu machen. Vielen Dank, dass Sie Insolux Medical als Ihren vertrauensw\u00fcrdigen Partner f\u00fcr alle Ihre orthop\u00e4dischen Einlagenbed\u00fcrfnisse gew\u00e4hlt haben.<\/p>\n\n<div style=\"height:37px\" aria-hidden=\"true\" class=\"wp-block-spacer\"><\/div>\n\n<p class=\"has-text-color\" style=\"color:#0061ce\"><\/p><\/div><\/div>","protected":false},"excerpt":{"rendered":"<p>Armand KuiGesch\u00e4ftsf\u00fchrer Bei Insolux Medical gehen unsere Wurzeln zur\u00fcck zu dem Zeitpunkt, als mein Vater mit einem Team in seiner Werkstatt in Budapest begann, ma\u00dfgefertigte Einlagen herzustellen. Im Laufe der Zeit arbeitete er eng mit Orthop\u00e4die\u00e4rzten zusammen, um eine Einlagenkonstruktion zu entwickeln, die f\u00fcr Endanwender, aber auch f\u00fcr Schuhmacher und Podologen geeignet ist, die diese [&hellip;]<\/p>\n","protected":false},"author":4,"featured_media":0,"parent":0,"menu_order":0,"comment_status":"closed","ping_status":"closed","template":"","meta":{"advanced_seo_description":"","jetpack_seo_html_title":"","jetpack_seo_noindex":false,"footnotes":""},"class_list":["post-3929","page","type-page","status-publish","hentry"],"jetpack_sharing_enabled":true,"_links":{"self":[{"href":"https:\/\/insolux.hu\/de\/wp-json\/wp\/v2\/pages\/3929"}],"collection":[{"href":"https:\/\/insolux.hu\/de\/wp-json\/wp\/v2\/pages"}],"about":[{"href":"https:\/\/insolux.hu\/de\/wp-json\/wp\/v2\/types\/page"}],"author":[{"embeddable":true,"href":"https:\/\/insolux.hu\/de\/wp-json\/wp\/v2\/users\/4"}],"replies":[{"embeddable":true,"href":"https:\/\/insolux.hu\/de\/wp-json\/wp\/v2\/comments?post=3929"}],"version-history":[{"count":29,"href":"https:\/\/insolux.hu\/de\/wp-json\/wp\/v2\/pages\/3929\/revisions"}],"predecessor-version":[{"id":5002,"href":"https:\/\/insolux.hu\/de\/wp-json\/wp\/v2\/pages\/3929\/revisions\/5002"}],"wp:attachment":[{"href":"https:\/\/insolux.hu\/de\/wp-json\/wp\/v2\/media?parent=3929"}],"curies":[{"name":"wp","href":"https:\/\/api.w.org\/{rel}","templated":true}]}}