{"id":336,"date":"2020-11-12T17:58:07","date_gmt":"2020-11-12T17:58:07","guid":{"rendered":"https:\/\/insolux.hu\/kezdooldal-2\/"},"modified":"2026-01-08T20:26:01","modified_gmt":"2026-01-08T20:26:01","slug":"home","status":"publish","type":"page","link":"https:\/\/insolux.hu\/de\/","title":{"rendered":""},"content":{"rendered":"<div class=\"wp-block-columns alignwide are-vertically-aligned-center is-layout-flex wp-container-core-columns-is-layout-1 wp-block-columns-is-layout-flex\"><div class=\"wp-block-column is-vertically-aligned-center is-layout-flow wp-block-column-is-layout-flow\" style=\"flex-basis:33.33%\"><h1 class=\"wp-block-heading alignfull has-text-color\" style=\"color:#0061ce;font-size:54px;font-style:normal;font-weight:100;text-transform:none\">Handgefertigt.<\/h1>\n\n<p class=\"has-medium-font-size\"> Seit 1996.<\/p>\n\n<p class=\"has-text-color has-medium-font-size\" style=\"color:#0061ce\"><br>Wir stellen hochwertige orthop\u00e4dische Einlagen f\u00fcr Gro\u00dfh\u00e4ndler, Schuhhersteller und orthop\u00e4dische Gesch\u00e4fte her. Bereichern Sie Ihr Sortiment mit unseren Premium-Produkten und verschaffen Sie sich einen Wettbewerbsvorteil.<\/p><\/div>\n\n<div class=\"wp-block-column is-vertically-aligned-center is-layout-flow wp-block-column-is-layout-flow\" style=\"flex-basis:75.7%\"><div class=\"wp-block-image is-resized is-style-rounded\"><figure class=\"aligncenter size-full\"><img loading=\"lazy\" decoding=\"async\" width=\"1800\" height=\"1200\" src=\"https:\/\/insolux.hu\/wp-content\/uploads\/2020\/11\/Insolux-06.jpg\" alt=\"\" class=\"wp-image-2467\" style=\"width:1002px;height:auto\" srcset=\"https:\/\/insolux.hu\/wp-content\/uploads\/2020\/11\/Insolux-06.jpg 1800w, https:\/\/insolux.hu\/wp-content\/uploads\/2020\/11\/Insolux-06-1200x800.jpg 1200w, https:\/\/insolux.hu\/wp-content\/uploads\/2020\/11\/Insolux-06-1536x1024.jpg 1536w\" sizes=\"(max-width: 1800px) 100vw, 1800px\" \/><\/figure><\/div><\/div><\/div><div style=\"height:59px\" aria-hidden=\"true\" class=\"wp-block-spacer\"><\/div><div class=\"wp-block-jetpack-slideshow aligncenter\" data-autoplay=\"true\" data-delay=\"2\" data-effect=\"slide\"><div class=\"wp-block-jetpack-slideshow_container swiper-container\"><ul class=\"wp-block-jetpack-slideshow_swiper-wrapper swiper-wrapper\"><li class=\"wp-block-jetpack-slideshow_slide swiper-slide\"><figure><img loading=\"lazy\" decoding=\"async\" width=\"6912\" height=\"3456\" alt=\"\" class=\"wp-block-jetpack-slideshow_image wp-image-4693\" data-id=\"4693\" src=\"https:\/\/insolux.hu\/wp-content\/uploads\/2024\/10\/INSOLUX-3.png\" srcset=\"https:\/\/insolux.hu\/wp-content\/uploads\/2024\/10\/INSOLUX-3.png 6912w, https:\/\/insolux.hu\/wp-content\/uploads\/2024\/10\/INSOLUX-3-1536x768.png 1536w, https:\/\/insolux.hu\/wp-content\/uploads\/2024\/10\/INSOLUX-3-2048x1024.png 2048w, https:\/\/insolux.hu\/wp-content\/uploads\/2024\/10\/INSOLUX-3-18x9.png 18w, https:\/\/insolux.hu\/wp-content\/uploads\/2024\/10\/INSOLUX-3-1200x600.png 1200w\" sizes=\"(max-width: 6912px) 100vw, 6912px\" \/><\/figure><\/li><li class=\"wp-block-jetpack-slideshow_slide swiper-slide\"><figure><img loading=\"lazy\" decoding=\"async\" width=\"6912\" height=\"3456\" alt=\"\" class=\"wp-block-jetpack-slideshow_image wp-image-4695\" data-id=\"4695\" src=\"https:\/\/insolux.hu\/wp-content\/uploads\/2024\/10\/INSOLUX-2.png\" srcset=\"https:\/\/insolux.hu\/wp-content\/uploads\/2024\/10\/INSOLUX-2.png 6912w, https:\/\/insolux.hu\/wp-content\/uploads\/2024\/10\/INSOLUX-2-1536x768.png 1536w, https:\/\/insolux.hu\/wp-content\/uploads\/2024\/10\/INSOLUX-2-2048x1024.png 2048w, https:\/\/insolux.hu\/wp-content\/uploads\/2024\/10\/INSOLUX-2-18x9.png 18w, https:\/\/insolux.hu\/wp-content\/uploads\/2024\/10\/INSOLUX-2-1200x600.png 1200w\" sizes=\"(max-width: 6912px) 100vw, 6912px\" \/><\/figure><\/li><li class=\"wp-block-jetpack-slideshow_slide swiper-slide\"><figure><img loading=\"lazy\" decoding=\"async\" width=\"6912\" height=\"3456\" alt=\"\" class=\"wp-block-jetpack-slideshow_image wp-image-4697\" data-id=\"4697\" src=\"https:\/\/insolux.hu\/wp-content\/uploads\/2024\/10\/INSOLUX-1-1.png\" srcset=\"https:\/\/insolux.hu\/wp-content\/uploads\/2024\/10\/INSOLUX-1-1.png 6912w, https:\/\/insolux.hu\/wp-content\/uploads\/2024\/10\/INSOLUX-1-1-1536x768.png 1536w, https:\/\/insolux.hu\/wp-content\/uploads\/2024\/10\/INSOLUX-1-1-2048x1024.png 2048w, https:\/\/insolux.hu\/wp-content\/uploads\/2024\/10\/INSOLUX-1-1-18x9.png 18w, https:\/\/insolux.hu\/wp-content\/uploads\/2024\/10\/INSOLUX-1-1-1200x600.png 1200w\" sizes=\"(max-width: 6912px) 100vw, 6912px\" \/><\/figure><\/li><\/ul><a class=\"wp-block-jetpack-slideshow_button-prev swiper-button-prev swiper-button-white\" role=\"button\"><\/a><a class=\"wp-block-jetpack-slideshow_button-next swiper-button-next swiper-button-white\" role=\"button\"><\/a><a aria-label=\"Pause Slideshow\" class=\"wp-block-jetpack-slideshow_button-pause\" role=\"button\"><\/a><div class=\"wp-block-jetpack-slideshow_pagination swiper-pagination swiper-pagination-white\"><\/div><\/div><\/div><h1 class=\"wp-block-heading has-text-align-center has-text-color\" style=\"color:#0061ce;font-size:37px;font-style:normal;font-weight:100\">\u00dcber <strong>Insolux Medical<\/strong><\/h1><div style=\"height:78px\" aria-hidden=\"true\" id=\"warum-uns\" class=\"wp-block-spacer\"><\/div><div class=\"wp-block-columns alignwide is-layout-flex wp-container-core-columns-is-layout-2 wp-block-columns-is-layout-flex\"><div class=\"wp-block-column is-layout-flow wp-block-column-is-layout-flow\"><div class=\"wp-block-cover aligncenter has-custom-content-position is-position-top-center\" style=\"min-height:333px;aspect-ratio:unset;\"><span aria-hidden=\"true\" class=\"wp-block-cover__background has-background-dim-100 has-background-dim\" style=\"background-color:#0061ce\"><\/span><div class=\"wp-block-cover__inner-container is-layout-flow wp-block-cover-is-layout-flow\"><h1 class=\"wp-block-heading alignfull has-white-color has-text-color has-large-font-size\" style=\"font-style:normal;font-weight:100;text-transform:none\"><strong>MDR<\/strong><\/h1>\n\n<p class=\"has-white-color has-text-color has-medium-font-size\"><br>Unsere Produkte entsprechen der Qualit\u00e4tsverordnung der neuen Medizinprodukte <br>der Europ\u00e4ischen Union.<\/p><\/div><\/div><\/div>\n\n<div class=\"wp-block-column is-layout-flow wp-block-column-is-layout-flow\"><div class=\"wp-block-cover has-custom-content-position is-position-top-center\" style=\"min-height:333px;aspect-ratio:unset;\"><span aria-hidden=\"true\" class=\"wp-block-cover__background has-background-dim-100 has-background-dim\" style=\"background-color:#0061ce\"><\/span><div class=\"wp-block-cover__inner-container is-layout-flow wp-block-cover-is-layout-flow\"><h1 class=\"wp-block-heading alignfull has-white-color has-text-color has-large-font-size\" style=\"font-style:normal;font-weight:100;text-transform:none\"><strong>Erfahrung<\/strong><\/h1>\n\n<p class=\"has-white-color has-text-color has-medium-font-size\"><br>Wir haben&nbsp;mehr als 20 Jahre Erfahrung&nbsp;in der Herstellung von Qualit\u00e4tseinlagen!<\/p><\/div><\/div><\/div>\n\n<div class=\"wp-block-column is-layout-flow wp-block-column-is-layout-flow\"><div class=\"wp-block-cover has-custom-content-position is-position-top-center\" style=\"min-height:334px;aspect-ratio:unset;\"><span aria-hidden=\"true\" class=\"wp-block-cover__background has-background-dim-100 has-background-dim\" style=\"background-color:#0061ce\"><\/span><div class=\"wp-block-cover__inner-container is-layout-flow wp-block-cover-is-layout-flow\"><h1 class=\"wp-block-heading alignfull has-white-color has-text-color has-large-font-size\" style=\"font-style:normal;font-weight:100;text-transform:none\"><strong>Network<\/strong><\/h1>\n\n<p class=\"has-white-color has-text-color has-medium-font-size\"><br>Unsere Produkte werden in Deutschland, \u00d6sterreich, <br>Ungarn, Schweden, Griechenland, Tschechien und Polen eingesetzt!<\/p><\/div><\/div><\/div>\n\n<div class=\"wp-block-column is-layout-flow wp-block-column-is-layout-flow\"><div class=\"wp-block-cover has-custom-content-position is-position-top-center\" style=\"min-height:332px;aspect-ratio:unset;\"><span aria-hidden=\"true\" class=\"wp-block-cover__background has-background-dim-100 has-background-dim\" style=\"background-color:#0061ce\"><\/span><div class=\"wp-block-cover__inner-container is-layout-flow wp-block-cover-is-layout-flow\"><h1 class=\"wp-block-heading alignfull has-white-color has-text-color has-large-font-size\" style=\"font-style:normal;font-weight:100;text-transform:none\"><strong>100.000+<\/strong><\/h1>\n\n<p class=\"has-white-color has-text-color has-medium-font-size\"><br>Unser Unternehmen stellt j\u00e4hrlich \u00fcber hunderttausend Einlagen f\u00fcr unsere gesch\u00e4tzten Kunden her.<\/p><\/div><\/div><\/div><\/div><div style=\"height:39px\" aria-hidden=\"true\" id=\"warum-uns\" class=\"wp-block-spacer\"><\/div><div class=\"wp-block-columns is-layout-flex wp-container-core-columns-is-layout-3 wp-block-columns-is-layout-flex\"><div class=\"wp-block-column is-layout-flow wp-block-column-is-layout-flow\"><p class=\"has-text-color has-link-color wp-elements-09e434649ce7df559f3e583cde86886e\" style=\"color:#0061ce;font-size:30px;font-style:normal;font-weight:300\"><strong>EVA-Basis und thermoplastische Basis<\/strong><\/p>\n\n<p class=\"has-text-color has-link-color wp-elements-c3b3f164c4b6eb633563acd17afbab5d\" style=\"color:#0061ce;font-size:23px;font-style:normal;font-weight:300\">Diese k\u00f6nnen weiter angepasst werden oder passen in alle Schuhe.<\/p><\/div><\/div><figure class=\"wp-block-jetpack-image-compare alignwide\"><div class=\"juxtapose\" data-mode=\"horizontal\"><img loading=\"lazy\" decoding=\"async\" id=\"4679\" src=\"https:\/\/i1.wp.com\/insolux.hu\/wp-content\/uploads\/2024\/10\/Insolux-10-e1729363072951.jpg\" alt=\"\" width=\"1350\" height=\"501\" class=\"image-compare__image-before\"\/><img loading=\"lazy\" decoding=\"async\" id=\"2470\" src=\"https:\/\/i0.wp.com\/insolux.hu\/wp-content\/uploads\/2020\/11\/Insolux-20-1-e1729363134349.jpg\" alt=\"\" width=\"1356\" height=\"501\" class=\"image-compare__image-after\"\/><\/div><\/figure><div class=\"wp-block-columns alignwide is-layout-flex wp-container-core-columns-is-layout-4 wp-block-columns-is-layout-flex\"><div class=\"wp-block-column is-vertically-aligned-top has-text-color is-layout-flow wp-block-column-is-layout-flow\" style=\"color:#0061ce\"><h2 class=\"wp-block-heading has-text-align-left has-text-color\" style=\"color:#0061ce;font-size:25px;font-style:normal;font-weight:300\"><strong>Gesundheit und Komfort.<br>F\u00fcr alle F\u00fc\u00dfe.<\/strong><\/h2>\n\n<p class=\"has-text-align-left has-text-color\" style=\"color:#0061ce;font-size:18px\">Jeder Fu\u00df braucht das richtige Ma\u00df an Fersen- und Plantarunterst\u00fctzung. Unsere Einlegesohlen wurden von unseren Medizintechnikern mit Hilfe von Orthop\u00e4den als Ergebnis langer Versuche und Tests entwickelt, um die bestm\u00f6glichen Voraussetzungen f\u00fcr die richtige Fu\u00dfstellung zu gew\u00e4hrleisten.<\/p><\/div>\n\n<div class=\"wp-block-column is-layout-flow wp-block-column-is-layout-flow\" style=\"flex-basis:5px\"><p><\/p><\/div>\n\n<div class=\"wp-block-column has-text-color is-layout-flow wp-block-column-is-layout-flow\" style=\"color:#0061ce\"><h2 class=\"wp-block-heading has-text-align-left has-text-color\" style=\"color:#0061ce;font-size:25px;font-style:normal;font-weight:300\"><strong>Sandwich Struktur<\/strong><\/h2>\n\n<p class=\"has-text-align-left has-text-color\" style=\"color:#0061ce;font-size:18px\">Das Besondere an Insolux Medical ist, dass die Gestaltung ihrer Struktur geschichtet ist, dh. die einzelnen Materialkomponenten werden sandwichartig miteinander verbunden. Diese Technik bietet die n\u00f6tige Steifigkeit, um den Fu\u00df zu halten und vermeidet vorzeitige Verformungen, was grundlegend zu einer hohen Qualit\u00e4t beitr\u00e4gt.<\/p>\n\n<div class=\"wp-block-image is-resized wp-duotone-rgb097206-ffffff-1\"><figure class=\"aligncenter\"><img decoding=\"async\" src=\"https:\/\/insolux.hu\/wp-content\/uploads\/2021\/03\/sw-edited.jpg\" alt=\"A k\u00e9phez tartoz\u00f3 alt jellemz\u0151 \u00fcres; sw-edited.jpg a f\u00e1jln\u00e9v\"\/><\/figure><\/div><\/div>\n\n<div class=\"wp-block-column is-layout-flow wp-block-column-is-layout-flow\" style=\"flex-basis:5px\"><p><\/p><\/div>\n\n<div class=\"wp-block-column has-text-color is-layout-flow wp-block-column-is-layout-flow\" style=\"color:#0061ce\"><h2 class=\"wp-block-heading has-text-align-left has-text-color\" style=\"color:#0061ce;font-size:25px;font-style:normal;font-weight:300\"><strong>In Sondergr\u00f6\u00dfen, handgefertigt<\/strong><\/h2>\n\n<p class=\"has-text-align-left has-text-color\" style=\"color:#0061ce;font-size:18px\">Wir von Insolux Medical legen gro\u00dfen Wert auf pr\u00e4zise Passformen und individuelle L\u00f6sungen. Deshalb arbeiten wir nicht mit Gr\u00f6\u00dfenkategorien, sondern fertigen unsere Einlegesohlen in exakten Gr\u00f6\u00dfen von Hand an.<\/p>\n\n<p class=\"has-text-color\" style=\"color:#0061ce;font-size:18px\"><\/p><\/div><\/div><div style=\"height:57px\" aria-hidden=\"true\" id=\"warum-uns\" class=\"wp-block-spacer\"><\/div><h2 class=\"wp-block-heading alignwide has-text-color\" style=\"color:#0061ce;font-size:33px;font-style:normal;font-weight:100\">Insolux f\u00fcr <strong>Unternehmen<\/strong><\/h2><div class=\"wp-block-columns alignwide is-layout-flex wp-container-core-columns-is-layout-5 wp-block-columns-is-layout-flex\"><div class=\"wp-block-column is-layout-flow wp-block-column-is-layout-flow\"><p class=\"has-text-color has-link-color wp-elements-2af100a4ca0458013ff1e4b315f25b59\" style=\"color:#0061ce\">Entdecken Sie die vielf\u00e4ltigen M\u00f6glichkeiten, die wir Ihrem Unternehmen bieten, und erfahren Sie, wie wir Ihnen mit den Insolux Medical Einlegesohlen helfen k\u00f6nnen. F\u00fcr weitere Details und tiefere Einblicke klicken Sie bitte auf die Schaltfl\u00e4che &#8222;F\u00fcr Unternehmen&#8220;, wo Sie detaillierte Informationen zu unseren Haupttypen und Gr\u00f6\u00dfen finden k\u00f6nnen.<\/p><\/div>\n\n<div class=\"wp-block-column is-vertically-aligned-center is-layout-flow wp-block-column-is-layout-flow\"><div class=\"wp-block-buttons is-horizontal is-content-justification-center is-layout-flex wp-container-core-buttons-is-layout-1 wp-block-buttons-is-layout-flex\"><div class=\"wp-block-button has-custom-font-size is-style-fill has-medium-font-size\"><a class=\"wp-block-button__link has-white-color has-text-color has-background has-link-color has-text-align-center wp-element-button\" href=\"https:\/\/insolux.hu\/modelle-materialen\/\" style=\"background-color:#0061ce\"><strong>Models &amp; Materials<\/strong><\/a><\/div><\/div><\/div><\/div><div style=\"height:29px\" aria-hidden=\"true\" class=\"wp-block-spacer\"><\/div><div style=\"height:47px\" aria-hidden=\"true\" class=\"wp-block-spacer\"><\/div><div class=\"wp-block-cover alignwide is-light\" style=\"min-height:173px;aspect-ratio:unset;\"><span aria-hidden=\"true\" class=\"wp-block-cover__background has-background-dim-0 has-background-dim\"><\/span><img loading=\"lazy\" decoding=\"async\" width=\"1484\" height=\"263\" class=\"wp-block-cover__image-background wp-image-4022\" alt=\"\" src=\"https:\/\/insolux.hu\/wp-content\/uploads\/2023\/04\/feet-1.png\" data-object-fit=\"cover\" srcset=\"https:\/\/insolux.hu\/wp-content\/uploads\/2023\/04\/feet-1.png 1484w, https:\/\/insolux.hu\/wp-content\/uploads\/2023\/04\/feet-1-1200x213.png 1200w\" sizes=\"(max-width: 1484px) 100vw, 1484px\" \/><div class=\"wp-block-cover__inner-container is-layout-flow wp-block-cover-is-layout-flow\"><p class=\"has-text-align-center has-large-font-size\"><\/p><\/div><\/div><div style=\"height:47px\" aria-hidden=\"true\" class=\"wp-block-spacer\"><\/div><div class=\"wp-block-columns is-layout-flex wp-container-core-columns-is-layout-6 wp-block-columns-is-layout-flex\"><div class=\"wp-block-column is-layout-flow wp-block-column-is-layout-flow\"><p class=\"has-text-color\" style=\"color:#0061ce;font-size:29px\"><strong>M\u00f6chten Sie mehr \u00fcber uns erfahren?<\/strong><\/p>\n\n<div style=\"height:31px\" aria-hidden=\"true\" class=\"wp-block-spacer\"><\/div>\n\n<div class=\"wp-block-buttons alignwide is-horizontal is-content-justification-left is-layout-flex wp-container-core-buttons-is-layout-2 wp-block-buttons-is-layout-flex\"><div class=\"wp-block-button has-custom-font-size is-style-fill has-medium-font-size\"><a class=\"wp-block-button__link has-white-color has-text-color has-background wp-element-button\" href=\"https:\/\/insolux.hu\/ueber-uns\/\" style=\"border-radius:50px;background-color:#0061ce\"><strong>\u00dcber uns<\/strong><\/a><\/div><\/div><\/div><\/div><div style=\"height:52px\" aria-hidden=\"true\" class=\"wp-block-spacer\"><\/div>","protected":false},"excerpt":{"rendered":"<p>Handgefertigt. Seit 1996. Wir stellen hochwertige orthop\u00e4dische Einlagen f\u00fcr Gro\u00dfh\u00e4ndler, Schuhhersteller und orthop\u00e4dische Gesch\u00e4fte her. Bereichern Sie Ihr Sortiment mit unseren Premium-Produkten und verschaffen Sie sich einen Wettbewerbsvorteil. \u00dcber Insolux Medical EVA-Basis und thermoplastische Basis Diese k\u00f6nnen weiter angepasst werden oder passen in alle Schuhe. Gesundheit und Komfort.F\u00fcr alle F\u00fc\u00dfe. Jeder Fu\u00df braucht das richtige [&hellip;]<\/p>\n","protected":false},"author":1,"featured_media":0,"parent":0,"menu_order":0,"comment_status":"closed","ping_status":"closed","template":"","meta":{"advanced_seo_description":"","jetpack_seo_html_title":"","jetpack_seo_noindex":false,"footnotes":""},"class_list":["post-336","page","type-page","status-publish","hentry"],"jetpack_sharing_enabled":true,"_links":{"self":[{"href":"https:\/\/insolux.hu\/de\/wp-json\/wp\/v2\/pages\/336"}],"collection":[{"href":"https:\/\/insolux.hu\/de\/wp-json\/wp\/v2\/pages"}],"about":[{"href":"https:\/\/insolux.hu\/de\/wp-json\/wp\/v2\/types\/page"}],"author":[{"embeddable":true,"href":"https:\/\/insolux.hu\/de\/wp-json\/wp\/v2\/users\/1"}],"replies":[{"embeddable":true,"href":"https:\/\/insolux.hu\/de\/wp-json\/wp\/v2\/comments?post=336"}],"version-history":[{"count":1318,"href":"https:\/\/insolux.hu\/de\/wp-json\/wp\/v2\/pages\/336\/revisions"}],"predecessor-version":[{"id":4995,"href":"https:\/\/insolux.hu\/de\/wp-json\/wp\/v2\/pages\/336\/revisions\/4995"}],"wp:attachment":[{"href":"https:\/\/insolux.hu\/de\/wp-json\/wp\/v2\/media?parent=336"}],"curies":[{"name":"wp","href":"https:\/\/api.w.org\/{rel}","templated":true}]}}