{"id":3324,"date":"2021-07-19T18:54:09","date_gmt":"2021-07-19T18:54:09","guid":{"rendered":"https:\/\/insolux.hu\/?page_id=3324"},"modified":"2023-10-23T16:04:59","modified_gmt":"2023-10-23T16:04:59","slug":"versandkosten","status":"publish","type":"page","link":"https:\/\/insolux.hu\/de\/versandkosten\/","title":{"rendered":"Versandkosten"},"content":{"rendered":"<p><\/p><figure class=\"wp-block-table is-style-regular\"><table class=\"has-text-color has-fixed-layout\" style=\"color:#0061ce\"><thead><tr><th class=\"has-text-align-center\" data-align=\"center\">Wo?<\/th><th class=\"has-text-align-center\" data-align=\"center\">Versandkosten<\/th><\/tr><\/thead><tbody><tr><td class=\"has-text-align-center\" data-align=\"center\">Alle L\u00e4nder<\/td><td class=\"has-text-align-center\" data-align=\"center\">Mit dem Kunden per E-Mail vereinbart.<\/td><\/tr><\/tbody><\/table><\/figure><div style=\"height:29px\" aria-hidden=\"true\" class=\"wp-block-spacer\"><\/div><div class=\"wp-block-columns alignwide is-layout-flex wp-container-core-columns-is-layout-1 wp-block-columns-is-layout-flex\"><div class=\"wp-block-column is-layout-flow wp-block-column-is-layout-flow\"><p class=\"has-text-color\" style=\"color:#0061ce\"><strong>Zoll- und Einfuhrgeb\u00fchren bei Lieferungen in Staaten au\u00dferhalb der EU:<\/strong><\/p>\n\n<p class=\"has-text-align-justify has-text-color\" style=\"color:#0061ce\">Sofern im Bestellablauf eine Lieferung in Staaten au\u00dferhalb der EU angeboten wird gilt folgendes: Wir weisen darauf hin, dass bei Lieferungen in Staaten au\u00dferhalb der Europ\u00e4ischen Union (Drittl\u00e4nder) weitere Zollgeb\u00fchren bzw. Steuern anfallen k\u00f6nnen, sobald die gekaufte Ware das Drittland erreicht hat. Diese weiteren Zollgeb\u00fchren bzw. Steuern gehen zu Lasten des K\u00e4ufers. Der Verk\u00e4ufer hat keinen Einfluss auf diese Geb\u00fchren und kann die H\u00f6he auch nicht vorhersagen, da die Zollbestimmungen von Land zu Land betr\u00e4chtlich variieren. Wir empfehlen dem K\u00e4ufer bei einer Lieferung in ein Drittland, m\u00f6gliche Zollgeb\u00fchren bzw. lokale Steuern bei dem f\u00fcr das Drittland zust\u00e4ndigen Zollamt zu erfragen.<\/p><\/div>\n\n<div class=\"wp-block-column is-layout-flow wp-block-column-is-layout-flow\"><p class=\"has-text-color\" style=\"color:#0061ce\"><strong>Hinweis zur Gefahr der Besch\u00e4digung oder des Verlustes der Ware auf dem Transportweg:<\/strong><\/p>\n\n<p class=\"has-text-align-justify has-text-color\" style=\"color:#0061ce\">Wir weisen darauf hin, dass der Verk\u00e4ufer unabh\u00e4ngig von einer Transportversicherung das Risiko des Untergangs oder der Besch\u00e4digung der Ware auf dem Transportweg tr\u00e4gt, sofern der K\u00e4ufer eine nat\u00fcrliche Person ist, die ein Rechtsgesch\u00e4ft zu Zwecken abschlie\u00dft, die \u00fcberwiegend weder ihrer gewerblichen noch selbstst\u00e4ndigen T\u00e4tigkeit zugeordnet werden kann (Verbraucher im Sinne des \u00a7 13 BGB).<\/p><\/div><\/div><p class=\"has-text-color\" style=\"color:#0061ce\"><\/p>","protected":false},"excerpt":{"rendered":"<p>Wo? Versandkosten Alle L\u00e4nder Mit dem Kunden per E-Mail vereinbart. Zoll- und Einfuhrgeb\u00fchren bei Lieferungen in Staaten au\u00dferhalb der EU: Sofern im Bestellablauf eine Lieferung in Staaten au\u00dferhalb der EU angeboten wird gilt folgendes: Wir weisen darauf hin, dass bei Lieferungen in Staaten au\u00dferhalb der Europ\u00e4ischen Union (Drittl\u00e4nder) weitere Zollgeb\u00fchren bzw. Steuern anfallen k\u00f6nnen, sobald [&hellip;]<\/p>\n","protected":false},"author":1,"featured_media":0,"parent":0,"menu_order":0,"comment_status":"closed","ping_status":"closed","template":"","meta":{"advanced_seo_description":"","jetpack_seo_html_title":"","jetpack_seo_noindex":false,"footnotes":""},"class_list":["post-3324","page","type-page","status-publish","hentry"],"jetpack_sharing_enabled":true,"_links":{"self":[{"href":"https:\/\/insolux.hu\/de\/wp-json\/wp\/v2\/pages\/3324"}],"collection":[{"href":"https:\/\/insolux.hu\/de\/wp-json\/wp\/v2\/pages"}],"about":[{"href":"https:\/\/insolux.hu\/de\/wp-json\/wp\/v2\/types\/page"}],"author":[{"embeddable":true,"href":"https:\/\/insolux.hu\/de\/wp-json\/wp\/v2\/users\/1"}],"replies":[{"embeddable":true,"href":"https:\/\/insolux.hu\/de\/wp-json\/wp\/v2\/comments?post=3324"}],"version-history":[{"count":5,"href":"https:\/\/insolux.hu\/de\/wp-json\/wp\/v2\/pages\/3324\/revisions"}],"predecessor-version":[{"id":4436,"href":"https:\/\/insolux.hu\/de\/wp-json\/wp\/v2\/pages\/3324\/revisions\/4436"}],"wp:attachment":[{"href":"https:\/\/insolux.hu\/de\/wp-json\/wp\/v2\/media?parent=3324"}],"curies":[{"name":"wp","href":"https:\/\/api.w.org\/{rel}","templated":true}]}}