{"id":3259,"date":"2021-06-28T20:09:11","date_gmt":"2021-06-28T20:09:11","guid":{"rendered":"https:\/\/insolux.hu\/?page_id=3259"},"modified":"2021-06-28T20:09:11","modified_gmt":"2021-06-28T20:09:11","slug":"lieferfristen-und-lieferbeschraenkungen","status":"publish","type":"page","link":"https:\/\/insolux.hu\/de\/lieferfristen-und-lieferbeschraenkungen\/","title":{"rendered":"Lieferfristen und Lieferbeschr\u00e4nkungen"},"content":{"rendered":"<p><strong>Maximale Lieferfristen:<\/strong><\/p><p>Die maximale Lieferfrist innerhalb Deutschlands betr\u00e4gt bei Vorkasse (z.B. \u00dcberweisung, Paypal etc.) 6 Werktage (Sonn- und staatlich anerkannte Feiertage ausgenommen) nach Erteilung des Zahlungsauftrages an das \u00fcberweisende Kreditinstitut durch den K\u00e4ufer. Wird\u00a0 Nachnahme oder Rechnungskauf angeboten, betr\u00e4gt die maximale Lieferfrist 5 Werktage (Sonn- und staatliche Feiertage ausgenommen) nach Vertragsschluss.<\/p><p>Die maximale Lieferfrist in die sonstigen w\u00e4hrend des Bestellvorgangs ausw\u00e4hlbaren L\u00e4nder betr\u00e4gt bei Vorkasse (z.B. \u00dcberweisung, Paypal etc.) 10 Werktage (Sonn- und Feiertage ausgenommen) nach Erteilung des Zahlungsauftrages an das \u00fcberweisende Kreditinstitut durch den K\u00e4ufer. Wird Nachnahme oder Rechnungskauf als Zahlungsm\u00f6glichkeit angeboten, betr\u00e4gt die maximale Lieferfrist 7 Werktage (Sonn- und staatlich anerkannte Feiertage ausgenommen) nach Vertragsschluss.<\/p><p>Lieferfristen f\u00fcr Sonderanfertigungen werden gesondert mit dem K\u00e4ufer abgesprochen.\u00a0<\/p><p><strong>Lieferbeschr\u00e4nkungen:<\/strong><\/p><p>Wie liefern nur in die im Bestellablauf ausw\u00e4hlbaren L\u00e4nder. Eine Lieferung in andere L\u00e4nder ist ausgeschlossen.<\/p>","protected":false},"excerpt":{"rendered":"<p>Maximale Lieferfristen: Die maximale Lieferfrist innerhalb Deutschlands betr\u00e4gt bei Vorkasse (z.B. \u00dcberweisung, Paypal etc.) 6 Werktage (Sonn- und staatlich anerkannte Feiertage ausgenommen) nach Erteilung des Zahlungsauftrages an das \u00fcberweisende Kreditinstitut durch den K\u00e4ufer. Wird\u00a0 Nachnahme oder Rechnungskauf angeboten, betr\u00e4gt die maximale Lieferfrist 5 Werktage (Sonn- und staatliche Feiertage ausgenommen) nach Vertragsschluss. Die maximale Lieferfrist in [&hellip;]<\/p>\n","protected":false},"author":1,"featured_media":0,"parent":0,"menu_order":0,"comment_status":"closed","ping_status":"closed","template":"","meta":{"advanced_seo_description":"","jetpack_seo_html_title":"","jetpack_seo_noindex":false,"footnotes":""},"class_list":["post-3259","page","type-page","status-publish","hentry"],"jetpack_sharing_enabled":true,"_links":{"self":[{"href":"https:\/\/insolux.hu\/de\/wp-json\/wp\/v2\/pages\/3259"}],"collection":[{"href":"https:\/\/insolux.hu\/de\/wp-json\/wp\/v2\/pages"}],"about":[{"href":"https:\/\/insolux.hu\/de\/wp-json\/wp\/v2\/types\/page"}],"author":[{"embeddable":true,"href":"https:\/\/insolux.hu\/de\/wp-json\/wp\/v2\/users\/1"}],"replies":[{"embeddable":true,"href":"https:\/\/insolux.hu\/de\/wp-json\/wp\/v2\/comments?post=3259"}],"version-history":[{"count":1,"href":"https:\/\/insolux.hu\/de\/wp-json\/wp\/v2\/pages\/3259\/revisions"}],"predecessor-version":[{"id":3260,"href":"https:\/\/insolux.hu\/de\/wp-json\/wp\/v2\/pages\/3259\/revisions\/3260"}],"wp:attachment":[{"href":"https:\/\/insolux.hu\/de\/wp-json\/wp\/v2\/media?parent=3259"}],"curies":[{"name":"wp","href":"https:\/\/api.w.org\/{rel}","templated":true}]}}