{"id":3202,"date":"2021-05-27T13:33:18","date_gmt":"2021-05-27T13:33:18","guid":{"rendered":"https:\/\/insolux.hu\/?page_id=3202"},"modified":"2026-02-23T20:37:20","modified_gmt":"2026-02-23T20:37:20","slug":"impressum","status":"publish","type":"page","link":"https:\/\/insolux.hu\/de\/impressum\/","title":{"rendered":"Impressum"},"content":{"rendered":"<div style=\"height:36px\" aria-hidden=\"true\" class=\"wp-block-spacer\"><\/div><div class=\"wp-block-columns alignwide is-layout-flex wp-container-core-columns-is-layout-1 wp-block-columns-is-layout-flex\"><div class=\"wp-block-column is-layout-flow wp-block-column-is-layout-flow\"><p class=\"has-text-color\" style=\"color:#0061ce\"><strong>Anbieter:<\/strong><\/p>\n\n<p class=\"has-text-color\" style=\"color:#0061ce\"><em>Kui Armand L\u00e1szl\u00f3, Hungary 1112 Budapest, <\/em><br><em>Bodorka u.1.<\/em><\/p>\n\n<p class=\"has-text-color\" style=\"color:#0061ce\"><strong>Kontaktdaten<\/strong>:<\/p>\n\n<p class=\"has-text-color\" style=\"color:#0061ce\"><em>office@insolux.hu<\/em><\/p>\n\n<p class=\"has-text-color\" style=\"color:#0061ce\"><strong>Handelsregister:<\/strong><\/p>\n\n<p class=\"has-text-color\" style=\"color:#0061ce\">Hungary, Budapest<\/p>\n\n<p class=\"has-text-color\" style=\"color:#0061ce\"><em>Registernummer: 55361185<\/em><\/p>\n\n<p class=\"has-text-color\" style=\"color:#0061ce\"><strong>Umsatzsteueridentifikationsnummer:<\/strong><\/p>\n\n<p class=\"has-text-color\" style=\"color:#0061ce\">HU56688249<em><\/em><\/p>\n\n<p class=\"has-text-color\" style=\"color:#0061ce\"><strong>Wirtschafts-Identifikationsnummer:<\/strong><\/p>\n\n<p class=\"has-text-color\" style=\"color:#0061ce\">56688249-2-33<\/p><\/div>\n\n<div class=\"wp-block-column is-layout-flow wp-block-column-is-layout-flow\"><p class=\"has-text-color\" style=\"color:#0061ce\"><strong>Online-Streitbeilegung (OS-Plattform):<\/strong><\/p>\n\n<p class=\"has-text-color\" style=\"color:#0061ce\">Die EU-Kommission stellt eine Online-Plattform zur Streitbeilegung (OS-Plattform) mit Online-H\u00e4ndlern und Online-Dienstleistern bereit. Die OS-Plattform soll zur au\u00dfergerichtlichen Beilegung von Streitigkeiten \u00fcber vertragliche Verpflichtungen aus Online-Kauf- und Dienstleistungsvertr\u00e4gen dienen. Diese OS-Plattform ist unter dem folgenden Link erreichbar: <a href=\"http:\/\/ec.europa.eu\/consumers\/odr\/\">http:\/\/ec.europa.eu\/consumers\/odr\/<\/a><\/p>\n\n<p class=\"has-text-color\" style=\"color:#0061ce\"><strong>Streitschlichtung nach dem Verbraucherstreitbeilegungsgesetz (VSBG):<\/strong><\/p>\n\n<p class=\"has-text-color\" style=\"color:#0061ce\">Wir sind nicht verpflichtet und nicht bereit, an einem Streitbeilegungsverfahren vor einer Verbraucherschlichtungsstelle teilzunehmen.<\/p><\/div><\/div><p class=\"has-text-color\" style=\"color:#0061ce\"><\/p><p class=\"has-text-color\" style=\"color:#0061ce\"><\/p>","protected":false},"excerpt":{"rendered":"<p>Anbieter: Kui Armand L\u00e1szl\u00f3, Hungary 1112 Budapest, Bodorka u.1. Kontaktdaten: office@insolux.hu Handelsregister: Hungary, Budapest Registernummer: 55361185 Umsatzsteueridentifikationsnummer: HU56688249 Wirtschafts-Identifikationsnummer: 56688249-2-33 Online-Streitbeilegung (OS-Plattform): Die EU-Kommission stellt eine Online-Plattform zur Streitbeilegung (OS-Plattform) mit Online-H\u00e4ndlern und Online-Dienstleistern bereit. Die OS-Plattform soll zur au\u00dfergerichtlichen Beilegung von Streitigkeiten \u00fcber vertragliche Verpflichtungen aus Online-Kauf- und Dienstleistungsvertr\u00e4gen dienen. Diese OS-Plattform ist unter [&hellip;]<\/p>\n","protected":false},"author":1,"featured_media":0,"parent":0,"menu_order":0,"comment_status":"closed","ping_status":"closed","template":"","meta":{"advanced_seo_description":"","jetpack_seo_html_title":"","jetpack_seo_noindex":false,"footnotes":""},"class_list":["post-3202","page","type-page","status-publish","hentry"],"jetpack_sharing_enabled":true,"_links":{"self":[{"href":"https:\/\/insolux.hu\/de\/wp-json\/wp\/v2\/pages\/3202"}],"collection":[{"href":"https:\/\/insolux.hu\/de\/wp-json\/wp\/v2\/pages"}],"about":[{"href":"https:\/\/insolux.hu\/de\/wp-json\/wp\/v2\/types\/page"}],"author":[{"embeddable":true,"href":"https:\/\/insolux.hu\/de\/wp-json\/wp\/v2\/users\/1"}],"replies":[{"embeddable":true,"href":"https:\/\/insolux.hu\/de\/wp-json\/wp\/v2\/comments?post=3202"}],"version-history":[{"count":13,"href":"https:\/\/insolux.hu\/de\/wp-json\/wp\/v2\/pages\/3202\/revisions"}],"predecessor-version":[{"id":5007,"href":"https:\/\/insolux.hu\/de\/wp-json\/wp\/v2\/pages\/3202\/revisions\/5007"}],"wp:attachment":[{"href":"https:\/\/insolux.hu\/de\/wp-json\/wp\/v2\/media?parent=3202"}],"curies":[{"name":"wp","href":"https:\/\/api.w.org\/{rel}","templated":true}]}}